{"id":511,"date":"2020-12-07T15:52:13","date_gmt":"2020-12-07T15:52:13","guid":{"rendered":"http:\/\/yildizyay.net\/?page_id=511"},"modified":"2020-12-24T14:14:47","modified_gmt":"2020-12-24T14:14:47","slug":"kalite-politikamiz","status":"publish","type":"page","link":"http:\/\/yildizyay.net\/en\/quality\/quality-policy\/","title":{"rendered":"Quality Policy"},"content":{"rendered":"\t\t<div data-elementor-type=\"wp-page\" data-elementor-id=\"511\" class=\"elementor elementor-511\">\n\t\t\t\t\t\t<div class=\"elementor-inner\">\n\t\t\t\t<div class=\"elementor-section-wrap\">\n\t\t\t\t\t\t\t\t\t<section class=\"elementor-section elementor-top-section elementor-element elementor-element-b3bf0bc elementor-section-height-min-height elementor-section-boxed elementor-section-height-default elementor-section-items-middle elementor-invisible\" data-id=\"b3bf0bc\" data-element_type=\"section\" data-settings=\"{&quot;background_background&quot;:&quot;classic&quot;,&quot;jet_parallax_layout_list&quot;:[{&quot;jet_parallax_layout_image&quot;:{&quot;url&quot;:&quot;&quot;,&quot;id&quot;:&quot;&quot;,&quot;size&quot;:&quot;&quot;},&quot;_id&quot;:&quot;a7765e0&quot;,&quot;jet_parallax_layout_image_tablet&quot;:{&quot;url&quot;:&quot;&quot;,&quot;id&quot;:&quot;&quot;,&quot;size&quot;:&quot;&quot;},&quot;jet_parallax_layout_image_mobile&quot;:{&quot;url&quot;:&quot;&quot;,&quot;id&quot;:&quot;&quot;,&quot;size&quot;:&quot;&quot;},&quot;jet_parallax_layout_speed&quot;:{&quot;unit&quot;:&quot;%&quot;,&quot;size&quot;:50,&quot;sizes&quot;:[]},&quot;jet_parallax_layout_type&quot;:&quot;scroll&quot;,&quot;jet_parallax_layout_direction&quot;:null,&quot;jet_parallax_layout_fx_direction&quot;:null,&quot;jet_parallax_layout_z_index&quot;:&quot;&quot;,&quot;jet_parallax_layout_bg_x&quot;:50,&quot;jet_parallax_layout_bg_x_tablet&quot;:&quot;&quot;,&quot;jet_parallax_layout_bg_x_mobile&quot;:&quot;&quot;,&quot;jet_parallax_layout_bg_y&quot;:50,&quot;jet_parallax_layout_bg_y_tablet&quot;:&quot;&quot;,&quot;jet_parallax_layout_bg_y_mobile&quot;:&quot;&quot;,&quot;jet_parallax_layout_bg_size&quot;:&quot;auto&quot;,&quot;jet_parallax_layout_bg_size_tablet&quot;:&quot;&quot;,&quot;jet_parallax_layout_bg_size_mobile&quot;:&quot;&quot;,&quot;jet_parallax_layout_animation_prop&quot;:&quot;transform&quot;,&quot;jet_parallax_layout_on&quot;:[&quot;desktop&quot;,&quot;tablet&quot;]}],&quot;animation&quot;:&quot;fadeInUp&quot;}\">\n\t\t\t\t\t\t<div class=\"elementor-container elementor-column-gap-default\">\n\t\t\t\t\t\t\t<div class=\"elementor-row\">\n\t\t\t\t\t<div class=\"elementor-column elementor-col-100 elementor-top-column elementor-element elementor-element-b2a509c\" data-id=\"b2a509c\" data-element_type=\"column\">\n\t\t\t<div class=\"elementor-column-wrap\">\n\t\t\t\t\t\t\t<div class=\"elementor-widget-wrap\">\n\t\t\t\t\t\t\t\t<\/div>\n\t\t\t\t\t<\/div>\n\t\t<\/div>\n\t\t\t\t\t\t\t\t<\/div>\n\t\t\t\t\t<\/div>\n\t\t<\/section>\n\t\t\t\t<section class=\"elementor-section elementor-top-section elementor-element elementor-element-c4f8fe8 elementor-section-boxed elementor-section-height-default elementor-section-height-default elementor-invisible\" data-id=\"c4f8fe8\" data-element_type=\"section\" data-settings=\"{&quot;jet_parallax_layout_list&quot;:[{&quot;jet_parallax_layout_image&quot;:{&quot;url&quot;:&quot;&quot;,&quot;id&quot;:&quot;&quot;,&quot;size&quot;:&quot;&quot;},&quot;_id&quot;:&quot;aecb23e&quot;,&quot;jet_parallax_layout_image_tablet&quot;:{&quot;url&quot;:&quot;&quot;,&quot;id&quot;:&quot;&quot;,&quot;size&quot;:&quot;&quot;},&quot;jet_parallax_layout_image_mobile&quot;:{&quot;url&quot;:&quot;&quot;,&quot;id&quot;:&quot;&quot;,&quot;size&quot;:&quot;&quot;},&quot;jet_parallax_layout_speed&quot;:{&quot;unit&quot;:&quot;%&quot;,&quot;size&quot;:50,&quot;sizes&quot;:[]},&quot;jet_parallax_layout_type&quot;:&quot;scroll&quot;,&quot;jet_parallax_layout_direction&quot;:null,&quot;jet_parallax_layout_fx_direction&quot;:null,&quot;jet_parallax_layout_z_index&quot;:&quot;&quot;,&quot;jet_parallax_layout_bg_x&quot;:50,&quot;jet_parallax_layout_bg_x_tablet&quot;:&quot;&quot;,&quot;jet_parallax_layout_bg_x_mobile&quot;:&quot;&quot;,&quot;jet_parallax_layout_bg_y&quot;:50,&quot;jet_parallax_layout_bg_y_tablet&quot;:&quot;&quot;,&quot;jet_parallax_layout_bg_y_mobile&quot;:&quot;&quot;,&quot;jet_parallax_layout_bg_size&quot;:&quot;auto&quot;,&quot;jet_parallax_layout_bg_size_tablet&quot;:&quot;&quot;,&quot;jet_parallax_layout_bg_size_mobile&quot;:&quot;&quot;,&quot;jet_parallax_layout_animation_prop&quot;:&quot;transform&quot;,&quot;jet_parallax_layout_on&quot;:[&quot;desktop&quot;,&quot;tablet&quot;]}],&quot;animation&quot;:&quot;fadeIn&quot;,&quot;animation_delay&quot;:200}\">\n\t\t\t\t\t\t<div class=\"elementor-container elementor-column-gap-default\">\n\t\t\t\t\t\t\t<div class=\"elementor-row\">\n\t\t\t\t\t<div class=\"elementor-column elementor-col-100 elementor-top-column elementor-element elementor-element-380734f\" data-id=\"380734f\" data-element_type=\"column\" data-settings=\"{&quot;background_background&quot;:&quot;classic&quot;}\">\n\t\t\t<div class=\"elementor-column-wrap elementor-element-populated\">\n\t\t\t\t\t\t\t<div class=\"elementor-widget-wrap\">\n\t\t\t\t\t\t<div class=\"elementor-element elementor-element-4d9e94f animated-slow elementor-widget-divider--view-line elementor-invisible elementor-widget elementor-widget-divider\" data-id=\"4d9e94f\" data-element_type=\"widget\" data-settings=\"{&quot;_animation&quot;:&quot;fadeInLeft&quot;,&quot;_animation_delay&quot;:350}\" data-widget_type=\"divider.default\">\n\t\t\t\t<div class=\"elementor-widget-container\">\n\t\t\t\t\t<div class=\"elementor-divider\">\n\t\t\t<span class=\"elementor-divider-separator\">\n\t\t\t\t\t\t<\/span>\n\t\t<\/div>\n\t\t\t\t<\/div>\n\t\t\t\t<\/div>\n\t\t\t\t\t\t<\/div>\n\t\t\t\t\t<\/div>\n\t\t<\/div>\n\t\t\t\t\t\t\t\t<\/div>\n\t\t\t\t\t<\/div>\n\t\t<\/section>\n\t\t\t\t<section class=\"elementor-section elementor-top-section elementor-element elementor-element-dbf1819 elementor-section-boxed elementor-section-height-default elementor-section-height-default\" data-id=\"dbf1819\" data-element_type=\"section\" data-settings=\"{&quot;jet_parallax_layout_list&quot;:[{&quot;jet_parallax_layout_image&quot;:{&quot;url&quot;:&quot;&quot;,&quot;id&quot;:&quot;&quot;,&quot;size&quot;:&quot;&quot;},&quot;_id&quot;:&quot;ec8c8bc&quot;,&quot;jet_parallax_layout_image_tablet&quot;:{&quot;url&quot;:&quot;&quot;,&quot;id&quot;:&quot;&quot;,&quot;size&quot;:&quot;&quot;},&quot;jet_parallax_layout_image_mobile&quot;:{&quot;url&quot;:&quot;&quot;,&quot;id&quot;:&quot;&quot;,&quot;size&quot;:&quot;&quot;},&quot;jet_parallax_layout_speed&quot;:{&quot;unit&quot;:&quot;%&quot;,&quot;size&quot;:50,&quot;sizes&quot;:[]},&quot;jet_parallax_layout_type&quot;:&quot;scroll&quot;,&quot;jet_parallax_layout_direction&quot;:null,&quot;jet_parallax_layout_fx_direction&quot;:null,&quot;jet_parallax_layout_z_index&quot;:&quot;&quot;,&quot;jet_parallax_layout_bg_x&quot;:50,&quot;jet_parallax_layout_bg_x_tablet&quot;:&quot;&quot;,&quot;jet_parallax_layout_bg_x_mobile&quot;:&quot;&quot;,&quot;jet_parallax_layout_bg_y&quot;:50,&quot;jet_parallax_layout_bg_y_tablet&quot;:&quot;&quot;,&quot;jet_parallax_layout_bg_y_mobile&quot;:&quot;&quot;,&quot;jet_parallax_layout_bg_size&quot;:&quot;auto&quot;,&quot;jet_parallax_layout_bg_size_tablet&quot;:&quot;&quot;,&quot;jet_parallax_layout_bg_size_mobile&quot;:&quot;&quot;,&quot;jet_parallax_layout_animation_prop&quot;:&quot;transform&quot;,&quot;jet_parallax_layout_on&quot;:[&quot;desktop&quot;,&quot;tablet&quot;]}]}\">\n\t\t\t\t\t\t<div class=\"elementor-container elementor-column-gap-default\">\n\t\t\t\t\t\t\t<div class=\"elementor-row\">\n\t\t\t\t\t<div class=\"elementor-column elementor-col-100 elementor-top-column elementor-element elementor-element-67d8cfe\" data-id=\"67d8cfe\" data-element_type=\"column\">\n\t\t\t<div class=\"elementor-column-wrap elementor-element-populated\">\n\t\t\t\t\t\t\t<div class=\"elementor-widget-wrap\">\n\t\t\t\t\t\t<div class=\"elementor-element elementor-element-b3d2241 elementor-invisible elementor-widget elementor-widget-text-editor\" data-id=\"b3d2241\" data-element_type=\"widget\" data-settings=\"{&quot;_animation&quot;:&quot;fadeIn&quot;,&quot;_animation_delay&quot;:300}\" data-widget_type=\"text-editor.default\">\n\t\t\t\t<div class=\"elementor-widget-container\">\n\t\t\t\t\t\t\t\t<div class=\"elementor-text-editor elementor-clearfix\">\n\t\t\t\t<ul><li>Sekt\u00f6r\u00fcnde tercih edilen firma olmak i\u00e7in \u00fcr\u00fcn kalitesi, fiyat ve teslimat performans\u0131n\u0131 art\u0131rmak,<\/li><li>D\u00fcnyadaki teknolojik geli\u015fmeleri yak\u0131ndan takip ederek otomotiv sekt\u00f6r\u00fcne metal par\u00e7a \u00fcretiminde h\u0131zl\u0131 \u00e7\u00f6z\u00fcmler \u00fcreten \u00e7\u00f6z\u00fcm orta\u011f\u0131 olmak,<\/li><li>Y\u00fcr\u00fcrl\u00fckteki yasal ve d\u00fczenleyici \u015fartlar\u0131, m\u00fc\u015fterilerimizin uygulanabilir istek, ihtiya\u00e7 ve beklentilerini tam ve do\u011fru olarak alg\u0131lamak ve en iyi \u015fekilde kar\u015f\u0131lamak,<\/li><li>Mevcut m\u00fc\u015fteri memnuniyetini korumak ve s\u00fcrekli geli\u015ftirmek i\u00e7in \u00e7al\u0131\u015farak en \u00fcst d\u00fczeye \u00e7\u0131kartmak,<\/li><li>ISO 9001 ve IATF 16949 Kalite Y\u00f6netim Sistemi \u015fartlar\u0131na uymak, Kalite Y\u00f6netim Sistemimizin etkinli\u011fini, verimlili\u011fini \u00e7al\u0131\u015fanlar\u0131m\u0131z\u0131n kat\u0131l\u0131m\u0131 ile s\u00fcrekli iyile\u015ftirmek.<\/li><\/ul>\t\t\t\t\t<\/div>\n\t\t\t\t\t\t<\/div>\n\t\t\t\t<\/div>\n\t\t\t\t<div class=\"elementor-element elementor-element-a1cceaf elementor-invisible elementor-widget elementor-widget-heading\" data-id=\"a1cceaf\" data-element_type=\"widget\" data-settings=\"{&quot;_animation&quot;:&quot;fadeIn&quot;,&quot;_animation_delay&quot;:400}\" data-widget_type=\"heading.default\">\n\t\t\t\t<div class=\"elementor-widget-container\">\n\t\t\t<h2 class=\"elementor-heading-title elementor-size-default\">Kalite Belgelerimiz<\/h2>\t\t<\/div>\n\t\t\t\t<\/div>\n\t\t\t\t<section class=\"elementor-section elementor-inner-section elementor-element elementor-element-b2f1a3f elementor-section-boxed elementor-section-height-default elementor-section-height-default\" data-id=\"b2f1a3f\" data-element_type=\"section\" data-settings=\"{&quot;jet_parallax_layout_list&quot;:[{&quot;jet_parallax_layout_image&quot;:{&quot;url&quot;:&quot;&quot;,&quot;id&quot;:&quot;&quot;,&quot;size&quot;:&quot;&quot;},&quot;_id&quot;:&quot;95a1233&quot;,&quot;jet_parallax_layout_image_tablet&quot;:{&quot;url&quot;:&quot;&quot;,&quot;id&quot;:&quot;&quot;,&quot;size&quot;:&quot;&quot;},&quot;jet_parallax_layout_image_mobile&quot;:{&quot;url&quot;:&quot;&quot;,&quot;id&quot;:&quot;&quot;,&quot;size&quot;:&quot;&quot;},&quot;jet_parallax_layout_speed&quot;:{&quot;unit&quot;:&quot;%&quot;,&quot;size&quot;:50,&quot;sizes&quot;:[]},&quot;jet_parallax_layout_type&quot;:&quot;scroll&quot;,&quot;jet_parallax_layout_direction&quot;:null,&quot;jet_parallax_layout_fx_direction&quot;:null,&quot;jet_parallax_layout_z_index&quot;:&quot;&quot;,&quot;jet_parallax_layout_bg_x&quot;:50,&quot;jet_parallax_layout_bg_x_tablet&quot;:&quot;&quot;,&quot;jet_parallax_layout_bg_x_mobile&quot;:&quot;&quot;,&quot;jet_parallax_layout_bg_y&quot;:50,&quot;jet_parallax_layout_bg_y_tablet&quot;:&quot;&quot;,&quot;jet_parallax_layout_bg_y_mobile&quot;:&quot;&quot;,&quot;jet_parallax_layout_bg_size&quot;:&quot;auto&quot;,&quot;jet_parallax_layout_bg_size_tablet&quot;:&quot;&quot;,&quot;jet_parallax_layout_bg_size_mobile&quot;:&quot;&quot;,&quot;jet_parallax_layout_animation_prop&quot;:&quot;transform&quot;,&quot;jet_parallax_layout_on&quot;:[&quot;desktop&quot;,&quot;tablet&quot;]}]}\">\n\t\t\t\t\t\t<div class=\"elementor-container elementor-column-gap-default\">\n\t\t\t\t\t\t\t<div class=\"elementor-row\">\n\t\t\t\t\t<div class=\"elementor-column elementor-col-50 elementor-inner-column elementor-element elementor-element-b665d57 elementor-invisible\" data-id=\"b665d57\" data-element_type=\"column\" data-settings=\"{&quot;background_background&quot;:&quot;classic&quot;,&quot;animation&quot;:&quot;fadeIn&quot;,&quot;animation_delay&quot;:500}\">\n\t\t\t<div class=\"elementor-column-wrap elementor-element-populated\">\n\t\t\t\t\t\t\t<div class=\"elementor-widget-wrap\">\n\t\t\t\t\t\t<div class=\"elementor-element elementor-element-f2cb1e0 elementor-widget elementor-widget-image\" data-id=\"f2cb1e0\" data-element_type=\"widget\" data-widget_type=\"image.default\">\n\t\t\t\t<div class=\"elementor-widget-container\">\n\t\t\t\t\t\t\t\t<div class=\"elementor-image\">\n\t\t\t\t\t\t\t\t\t\t\t\t\t<a href=\"http:\/\/yildizyay.net\/wp-content\/uploads\/belge-1.jpg\" data-elementor-open-lightbox=\"yes\" data-e-action-hash=\"#elementor-action%3Aaction%3Dlightbox%26settings%3DeyJpZCI6NTI0LCJ1cmwiOiJodHRwOlwvXC95aWxkaXp5YXkubmV0XC93cC1jb250ZW50XC91cGxvYWRzXC9iZWxnZS0xLmpwZyJ9\">\n\t\t\t\t\t\t\t<img width=\"724\" height=\"1024\" src=\"http:\/\/yildizyay.net\/wp-content\/uploads\/belge-1-724x1024.jpg\" class=\"attachment-large size-large wp-image-524\" alt=\"\" loading=\"lazy\" srcset=\"http:\/\/yildizyay.net\/wp-content\/uploads\/belge-1-724x1024.jpg 724w, http:\/\/yildizyay.net\/wp-content\/uploads\/belge-1-212x300.jpg 212w, http:\/\/yildizyay.net\/wp-content\/uploads\/belge-1-768x1086.jpg 768w, http:\/\/yildizyay.net\/wp-content\/uploads\/belge-1-8x12.jpg 8w, http:\/\/yildizyay.net\/wp-content\/uploads\/belge-1.jpg 849w\" sizes=\"(max-width: 724px) 100vw, 724px\" \/>\t\t\t\t\t\t\t\t<\/a>\n\t\t\t\t\t\t\t\t\t\t\t\t\t\t<\/div>\n\t\t\t\t\t\t<\/div>\n\t\t\t\t<\/div>\n\t\t\t\t\t\t<\/div>\n\t\t\t\t\t<\/div>\n\t\t<\/div>\n\t\t\t\t<div class=\"elementor-column elementor-col-50 elementor-inner-column elementor-element elementor-element-527ae24 elementor-invisible\" data-id=\"527ae24\" data-element_type=\"column\" data-settings=\"{&quot;animation&quot;:&quot;fadeIn&quot;,&quot;animation_delay&quot;:600}\">\n\t\t\t<div class=\"elementor-column-wrap elementor-element-populated\">\n\t\t\t\t\t\t\t<div class=\"elementor-widget-wrap\">\n\t\t\t\t\t\t<div class=\"elementor-element elementor-element-2c6d45f elementor-widget elementor-widget-image\" data-id=\"2c6d45f\" data-element_type=\"widget\" data-widget_type=\"image.default\">\n\t\t\t\t<div class=\"elementor-widget-container\">\n\t\t\t\t\t\t\t\t<div class=\"elementor-image\">\n\t\t\t\t\t\t\t\t\t\t\t\t\t<a href=\"http:\/\/yildizyay.net\/wp-content\/uploads\/belge-2.jpg\" data-elementor-open-lightbox=\"yes\" data-e-action-hash=\"#elementor-action%3Aaction%3Dlightbox%26settings%3DeyJpZCI6NTkzLCJ1cmwiOiJodHRwOlwvXC95aWxkaXp5YXkubmV0XC93cC1jb250ZW50XC91cGxvYWRzXC9iZWxnZS0yLmpwZyJ9\">\n\t\t\t\t\t\t\t<img width=\"724\" height=\"1024\" src=\"http:\/\/yildizyay.net\/wp-content\/uploads\/belge-2-724x1024.jpg\" class=\"attachment-large size-large wp-image-593\" alt=\"\" loading=\"lazy\" srcset=\"http:\/\/yildizyay.net\/wp-content\/uploads\/belge-2-724x1024.jpg 724w, http:\/\/yildizyay.net\/wp-content\/uploads\/belge-2-212x300.jpg 212w, http:\/\/yildizyay.net\/wp-content\/uploads\/belge-2-768x1086.jpg 768w, http:\/\/yildizyay.net\/wp-content\/uploads\/belge-2-8x12.jpg 8w, http:\/\/yildizyay.net\/wp-content\/uploads\/belge-2.jpg 849w\" sizes=\"(max-width: 724px) 100vw, 724px\" \/>\t\t\t\t\t\t\t\t<\/a>\n\t\t\t\t\t\t\t\t\t\t\t\t\t\t<\/div>\n\t\t\t\t\t\t<\/div>\n\t\t\t\t<\/div>\n\t\t\t\t\t\t<\/div>\n\t\t\t\t\t<\/div>\n\t\t<\/div>\n\t\t\t\t\t\t\t\t<\/div>\n\t\t\t\t\t<\/div>\n\t\t<\/section>\n\t\t\t\t\t\t<\/div>\n\t\t\t\t\t<\/div>\n\t\t<\/div>\n\t\t\t\t\t\t\t\t<\/div>\n\t\t\t\t\t<\/div>\n\t\t<\/section>\n\t\t\t\t\t\t\t\t\t<\/div>\n\t\t\t<\/div>\n\t\t\t\t\t<\/div>\n\t\t","protected":false},"excerpt":{"rendered":"<p>Sekt\u00f6r\u00fcnde tercih edilen firma olmak i\u00e7in \u00fcr\u00fcn kalitesi, fiyat ve teslimat performans\u0131n\u0131 art\u0131rmak, D\u00fcnyadaki teknolojik geli\u015fmeleri yak\u0131ndan takip ederek otomotiv sekt\u00f6r\u00fcne metal par\u00e7a \u00fcretiminde h\u0131zl\u0131 \u00e7\u00f6z\u00fcmler \u00fcreten \u00e7\u00f6z\u00fcm orta\u011f\u0131 olmak, Y\u00fcr\u00fcrl\u00fckteki yasal ve d\u00fczenleyici \u015fartlar\u0131, m\u00fc\u015fterilerimizin uygulanabilir istek, ihtiya\u00e7 ve beklentilerini tam ve do\u011fru olarak alg\u0131lamak ve en iyi \u015fekilde kar\u015f\u0131lamak, Mevcut m\u00fc\u015fteri memnuniyetini korumak [&hellip;]<\/p>\n","protected":false},"author":1,"featured_media":0,"parent":509,"menu_order":0,"comment_status":"closed","ping_status":"closed","template":"","meta":[],"yoast_head":"<!-- This site is optimized with the Yoast SEO plugin v19.13 - https:\/\/yoast.com\/wordpress\/plugins\/seo\/ -->\n<title>Kalite Politikam\u0131z | Y\u0131ld\u0131z Yay<\/title>\n<meta name=\"robots\" content=\"index, follow, max-snippet:-1, max-image-preview:large, max-video-preview:-1\" \/>\n<link rel=\"canonical\" href=\"http:\/\/yildizyay.net\/en\/quality\/quality-policy\/\" \/>\n<meta property=\"og:locale\" content=\"en_GB\" \/>\n<meta property=\"og:type\" content=\"article\" \/>\n<meta property=\"og:title\" content=\"Kalite Politikam\u0131z | Y\u0131ld\u0131z Yay\" \/>\n<meta property=\"og:description\" content=\"Sekt\u00f6r\u00fcnde tercih edilen firma olmak i\u00e7in \u00fcr\u00fcn kalitesi, fiyat ve teslimat performans\u0131n\u0131 art\u0131rmak, D\u00fcnyadaki teknolojik geli\u015fmeleri yak\u0131ndan takip ederek otomotiv sekt\u00f6r\u00fcne metal par\u00e7a \u00fcretiminde h\u0131zl\u0131 \u00e7\u00f6z\u00fcmler \u00fcreten \u00e7\u00f6z\u00fcm orta\u011f\u0131 olmak, Y\u00fcr\u00fcrl\u00fckteki yasal ve d\u00fczenleyici \u015fartlar\u0131, m\u00fc\u015fterilerimizin uygulanabilir istek, ihtiya\u00e7 ve beklentilerini tam ve do\u011fru olarak alg\u0131lamak ve en iyi \u015fekilde kar\u015f\u0131lamak, Mevcut m\u00fc\u015fteri memnuniyetini korumak [&hellip;]\" \/>\n<meta property=\"og:url\" content=\"http:\/\/yildizyay.net\/en\/quality\/quality-policy\/\" \/>\n<meta property=\"og:site_name\" content=\"Y\u0131ld\u0131z Yay\" \/>\n<meta property=\"article:modified_time\" content=\"2020-12-24T14:14:47+00:00\" \/>\n<meta property=\"og:image\" content=\"http:\/\/yildizyay.net\/wp-content\/uploads\/belge-1-724x1024.jpg\" \/>\n<meta name=\"twitter:card\" content=\"summary_large_image\" \/>\n<meta name=\"twitter:label1\" content=\"Estimated reading time\" \/>\n\t<meta name=\"twitter:data1\" content=\"1 minute\" \/>\n<script type=\"application\/ld+json\" class=\"yoast-schema-graph\">{\"@context\":\"https:\/\/schema.org\",\"@graph\":[{\"@type\":\"WebPage\",\"@id\":\"http:\/\/yildizyay.net\/en\/quality\/quality-policy\/\",\"url\":\"http:\/\/yildizyay.net\/en\/quality\/quality-policy\/\",\"name\":\"Kalite Politikam\u0131z | Y\u0131ld\u0131z Yay\",\"isPartOf\":{\"@id\":\"http:\/\/yildizyay.net\/en\/#website\"},\"datePublished\":\"2020-12-07T15:52:13+00:00\",\"dateModified\":\"2020-12-24T14:14:47+00:00\",\"breadcrumb\":{\"@id\":\"http:\/\/yildizyay.net\/en\/quality\/quality-policy\/#breadcrumb\"},\"inLanguage\":\"en-GB\",\"potentialAction\":[{\"@type\":\"ReadAction\",\"target\":[\"http:\/\/yildizyay.net\/en\/quality\/quality-policy\/\"]}]},{\"@type\":\"BreadcrumbList\",\"@id\":\"http:\/\/yildizyay.net\/en\/quality\/quality-policy\/#breadcrumb\",\"itemListElement\":[{\"@type\":\"ListItem\",\"position\":1,\"name\":\"Home\",\"item\":\"http:\/\/yildizyay.net\/en\/\"},{\"@type\":\"ListItem\",\"position\":2,\"name\":\"Kalite\",\"item\":\"http:\/\/yildizyay.net\/kalite\/\"},{\"@type\":\"ListItem\",\"position\":3,\"name\":\"Kalite Politikam\u0131z\"}]},{\"@type\":\"WebSite\",\"@id\":\"http:\/\/yildizyay.net\/en\/#website\",\"url\":\"http:\/\/yildizyay.net\/en\/\",\"name\":\"Y\u0131ld\u0131z Yay\",\"description\":\"Otomativ Makine Metal Sanayi\",\"publisher\":{\"@id\":\"http:\/\/yildizyay.net\/en\/#organization\"},\"potentialAction\":[{\"@type\":\"SearchAction\",\"target\":{\"@type\":\"EntryPoint\",\"urlTemplate\":\"http:\/\/yildizyay.net\/en\/?s={search_term_string}\"},\"query-input\":\"required name=search_term_string\"}],\"inLanguage\":\"en-GB\"},{\"@type\":\"Organization\",\"@id\":\"http:\/\/yildizyay.net\/en\/#organization\",\"name\":\"Y\u0131ld\u0131z Yay\",\"url\":\"http:\/\/yildizyay.net\/en\/\",\"logo\":{\"@type\":\"ImageObject\",\"inLanguage\":\"en-GB\",\"@id\":\"http:\/\/yildizyay.net\/en\/#\/schema\/logo\/image\/\",\"url\":\"http:\/\/yildizyay.net\/wp-content\/uploads\/logo.svg\",\"contentUrl\":\"http:\/\/yildizyay.net\/wp-content\/uploads\/logo.svg\",\"caption\":\"Y\u0131ld\u0131z Yay\"},\"image\":{\"@id\":\"http:\/\/yildizyay.net\/en\/#\/schema\/logo\/image\/\"}}]}<\/script>\n<!-- \/ Yoast SEO plugin. -->","yoast_head_json":{"title":"Kalite Politikam\u0131z | Y\u0131ld\u0131z Yay","robots":{"index":"index","follow":"follow","max-snippet":"max-snippet:-1","max-image-preview":"max-image-preview:large","max-video-preview":"max-video-preview:-1"},"canonical":"http:\/\/yildizyay.net\/en\/quality\/quality-policy\/","og_locale":"en_GB","og_type":"article","og_title":"Kalite Politikam\u0131z | Y\u0131ld\u0131z Yay","og_description":"Sekt\u00f6r\u00fcnde tercih edilen firma olmak i\u00e7in \u00fcr\u00fcn kalitesi, fiyat ve teslimat performans\u0131n\u0131 art\u0131rmak, D\u00fcnyadaki teknolojik geli\u015fmeleri yak\u0131ndan takip ederek otomotiv sekt\u00f6r\u00fcne metal par\u00e7a \u00fcretiminde h\u0131zl\u0131 \u00e7\u00f6z\u00fcmler \u00fcreten \u00e7\u00f6z\u00fcm orta\u011f\u0131 olmak, Y\u00fcr\u00fcrl\u00fckteki yasal ve d\u00fczenleyici \u015fartlar\u0131, m\u00fc\u015fterilerimizin uygulanabilir istek, ihtiya\u00e7 ve beklentilerini tam ve do\u011fru olarak alg\u0131lamak ve en iyi \u015fekilde kar\u015f\u0131lamak, Mevcut m\u00fc\u015fteri memnuniyetini korumak [&hellip;]","og_url":"http:\/\/yildizyay.net\/en\/quality\/quality-policy\/","og_site_name":"Y\u0131ld\u0131z Yay","article_modified_time":"2020-12-24T14:14:47+00:00","og_image":[{"url":"http:\/\/yildizyay.net\/wp-content\/uploads\/belge-1-724x1024.jpg"}],"twitter_card":"summary_large_image","twitter_misc":{"Estimated reading time":"1 minute"},"schema":{"@context":"https:\/\/schema.org","@graph":[{"@type":"WebPage","@id":"http:\/\/yildizyay.net\/en\/quality\/quality-policy\/","url":"http:\/\/yildizyay.net\/en\/quality\/quality-policy\/","name":"Kalite Politikam\u0131z | Y\u0131ld\u0131z Yay","isPartOf":{"@id":"http:\/\/yildizyay.net\/en\/#website"},"datePublished":"2020-12-07T15:52:13+00:00","dateModified":"2020-12-24T14:14:47+00:00","breadcrumb":{"@id":"http:\/\/yildizyay.net\/en\/quality\/quality-policy\/#breadcrumb"},"inLanguage":"en-GB","potentialAction":[{"@type":"ReadAction","target":["http:\/\/yildizyay.net\/en\/quality\/quality-policy\/"]}]},{"@type":"BreadcrumbList","@id":"http:\/\/yildizyay.net\/en\/quality\/quality-policy\/#breadcrumb","itemListElement":[{"@type":"ListItem","position":1,"name":"Home","item":"http:\/\/yildizyay.net\/en\/"},{"@type":"ListItem","position":2,"name":"Kalite","item":"http:\/\/yildizyay.net\/kalite\/"},{"@type":"ListItem","position":3,"name":"Kalite Politikam\u0131z"}]},{"@type":"WebSite","@id":"http:\/\/yildizyay.net\/en\/#website","url":"http:\/\/yildizyay.net\/en\/","name":"Y\u0131ld\u0131z Yay","description":"Otomativ Makine Metal Sanayi","publisher":{"@id":"http:\/\/yildizyay.net\/en\/#organization"},"potentialAction":[{"@type":"SearchAction","target":{"@type":"EntryPoint","urlTemplate":"http:\/\/yildizyay.net\/en\/?s={search_term_string}"},"query-input":"required name=search_term_string"}],"inLanguage":"en-GB"},{"@type":"Organization","@id":"http:\/\/yildizyay.net\/en\/#organization","name":"Y\u0131ld\u0131z Yay","url":"http:\/\/yildizyay.net\/en\/","logo":{"@type":"ImageObject","inLanguage":"en-GB","@id":"http:\/\/yildizyay.net\/en\/#\/schema\/logo\/image\/","url":"http:\/\/yildizyay.net\/wp-content\/uploads\/logo.svg","contentUrl":"http:\/\/yildizyay.net\/wp-content\/uploads\/logo.svg","caption":"Y\u0131ld\u0131z Yay"},"image":{"@id":"http:\/\/yildizyay.net\/en\/#\/schema\/logo\/image\/"}}]}},"_links":{"self":[{"href":"http:\/\/yildizyay.net\/en\/wp-json\/wp\/v2\/pages\/511"}],"collection":[{"href":"http:\/\/yildizyay.net\/en\/wp-json\/wp\/v2\/pages"}],"about":[{"href":"http:\/\/yildizyay.net\/en\/wp-json\/wp\/v2\/types\/page"}],"author":[{"embeddable":true,"href":"http:\/\/yildizyay.net\/en\/wp-json\/wp\/v2\/users\/1"}],"replies":[{"embeddable":true,"href":"http:\/\/yildizyay.net\/en\/wp-json\/wp\/v2\/comments?post=511"}],"version-history":[{"count":44,"href":"http:\/\/yildizyay.net\/en\/wp-json\/wp\/v2\/pages\/511\/revisions"}],"predecessor-version":[{"id":1254,"href":"http:\/\/yildizyay.net\/en\/wp-json\/wp\/v2\/pages\/511\/revisions\/1254"}],"up":[{"embeddable":true,"href":"http:\/\/yildizyay.net\/en\/wp-json\/wp\/v2\/pages\/509"}],"wp:attachment":[{"href":"http:\/\/yildizyay.net\/en\/wp-json\/wp\/v2\/media?parent=511"}],"curies":[{"name":"wp","href":"https:\/\/api.w.org\/{rel}","templated":true}]}}