{"id":467,"date":"2020-12-07T14:46:44","date_gmt":"2020-12-07T14:46:44","guid":{"rendered":"http:\/\/yildizyay.net\/?page_id=467"},"modified":"2020-12-24T14:05:33","modified_gmt":"2020-12-24T14:05:33","slug":"etik-kurallarimiz","status":"publish","type":"page","link":"http:\/\/yildizyay.net\/en\/corporate\/code-of-ethics\/","title":{"rendered":"Code of Ethics"},"content":{"rendered":"\t\t<div data-elementor-type=\"wp-page\" data-elementor-id=\"467\" class=\"elementor elementor-467\">\n\t\t\t\t\t\t<div class=\"elementor-inner\">\n\t\t\t\t<div class=\"elementor-section-wrap\">\n\t\t\t\t\t\t\t\t\t<section class=\"elementor-section elementor-top-section elementor-element elementor-element-b3bf0bc elementor-section-height-min-height elementor-section-boxed elementor-section-height-default elementor-section-items-middle elementor-invisible\" data-id=\"b3bf0bc\" data-element_type=\"section\" data-settings=\"{&quot;background_background&quot;:&quot;classic&quot;,&quot;jet_parallax_layout_list&quot;:[{&quot;jet_parallax_layout_image&quot;:{&quot;url&quot;:&quot;&quot;,&quot;id&quot;:&quot;&quot;,&quot;size&quot;:&quot;&quot;},&quot;_id&quot;:&quot;d3d9b81&quot;,&quot;jet_parallax_layout_image_tablet&quot;:{&quot;url&quot;:&quot;&quot;,&quot;id&quot;:&quot;&quot;,&quot;size&quot;:&quot;&quot;},&quot;jet_parallax_layout_image_mobile&quot;:{&quot;url&quot;:&quot;&quot;,&quot;id&quot;:&quot;&quot;,&quot;size&quot;:&quot;&quot;},&quot;jet_parallax_layout_speed&quot;:{&quot;unit&quot;:&quot;%&quot;,&quot;size&quot;:50,&quot;sizes&quot;:[]},&quot;jet_parallax_layout_type&quot;:&quot;scroll&quot;,&quot;jet_parallax_layout_direction&quot;:null,&quot;jet_parallax_layout_fx_direction&quot;:null,&quot;jet_parallax_layout_z_index&quot;:&quot;&quot;,&quot;jet_parallax_layout_bg_x&quot;:50,&quot;jet_parallax_layout_bg_x_tablet&quot;:&quot;&quot;,&quot;jet_parallax_layout_bg_x_mobile&quot;:&quot;&quot;,&quot;jet_parallax_layout_bg_y&quot;:50,&quot;jet_parallax_layout_bg_y_tablet&quot;:&quot;&quot;,&quot;jet_parallax_layout_bg_y_mobile&quot;:&quot;&quot;,&quot;jet_parallax_layout_bg_size&quot;:&quot;auto&quot;,&quot;jet_parallax_layout_bg_size_tablet&quot;:&quot;&quot;,&quot;jet_parallax_layout_bg_size_mobile&quot;:&quot;&quot;,&quot;jet_parallax_layout_animation_prop&quot;:&quot;transform&quot;,&quot;jet_parallax_layout_on&quot;:[&quot;desktop&quot;,&quot;tablet&quot;]}],&quot;animation&quot;:&quot;fadeInUp&quot;}\">\n\t\t\t\t\t\t<div class=\"elementor-container elementor-column-gap-default\">\n\t\t\t\t\t\t\t<div class=\"elementor-row\">\n\t\t\t\t\t<div class=\"elementor-column elementor-col-100 elementor-top-column elementor-element elementor-element-b2a509c\" data-id=\"b2a509c\" data-element_type=\"column\">\n\t\t\t<div class=\"elementor-column-wrap\">\n\t\t\t\t\t\t\t<div class=\"elementor-widget-wrap\">\n\t\t\t\t\t\t\t\t<\/div>\n\t\t\t\t\t<\/div>\n\t\t<\/div>\n\t\t\t\t\t\t\t\t<\/div>\n\t\t\t\t\t<\/div>\n\t\t<\/section>\n\t\t\t\t<section class=\"elementor-section elementor-top-section elementor-element elementor-element-c4f8fe8 elementor-section-boxed elementor-section-height-default elementor-section-height-default elementor-invisible\" data-id=\"c4f8fe8\" data-element_type=\"section\" data-settings=\"{&quot;jet_parallax_layout_list&quot;:[{&quot;jet_parallax_layout_image&quot;:{&quot;url&quot;:&quot;&quot;,&quot;id&quot;:&quot;&quot;,&quot;size&quot;:&quot;&quot;},&quot;_id&quot;:&quot;5b65b9a&quot;,&quot;jet_parallax_layout_image_tablet&quot;:{&quot;url&quot;:&quot;&quot;,&quot;id&quot;:&quot;&quot;,&quot;size&quot;:&quot;&quot;},&quot;jet_parallax_layout_image_mobile&quot;:{&quot;url&quot;:&quot;&quot;,&quot;id&quot;:&quot;&quot;,&quot;size&quot;:&quot;&quot;},&quot;jet_parallax_layout_speed&quot;:{&quot;unit&quot;:&quot;%&quot;,&quot;size&quot;:50,&quot;sizes&quot;:[]},&quot;jet_parallax_layout_type&quot;:&quot;scroll&quot;,&quot;jet_parallax_layout_direction&quot;:null,&quot;jet_parallax_layout_fx_direction&quot;:null,&quot;jet_parallax_layout_z_index&quot;:&quot;&quot;,&quot;jet_parallax_layout_bg_x&quot;:50,&quot;jet_parallax_layout_bg_x_tablet&quot;:&quot;&quot;,&quot;jet_parallax_layout_bg_x_mobile&quot;:&quot;&quot;,&quot;jet_parallax_layout_bg_y&quot;:50,&quot;jet_parallax_layout_bg_y_tablet&quot;:&quot;&quot;,&quot;jet_parallax_layout_bg_y_mobile&quot;:&quot;&quot;,&quot;jet_parallax_layout_bg_size&quot;:&quot;auto&quot;,&quot;jet_parallax_layout_bg_size_tablet&quot;:&quot;&quot;,&quot;jet_parallax_layout_bg_size_mobile&quot;:&quot;&quot;,&quot;jet_parallax_layout_animation_prop&quot;:&quot;transform&quot;,&quot;jet_parallax_layout_on&quot;:[&quot;desktop&quot;,&quot;tablet&quot;]}],&quot;animation&quot;:&quot;fadeIn&quot;,&quot;animation_delay&quot;:200}\">\n\t\t\t\t\t\t<div class=\"elementor-container elementor-column-gap-default\">\n\t\t\t\t\t\t\t<div class=\"elementor-row\">\n\t\t\t\t\t<div class=\"elementor-column elementor-col-100 elementor-top-column elementor-element elementor-element-380734f\" data-id=\"380734f\" data-element_type=\"column\" data-settings=\"{&quot;background_background&quot;:&quot;classic&quot;}\">\n\t\t\t<div class=\"elementor-column-wrap elementor-element-populated\">\n\t\t\t\t\t\t\t<div class=\"elementor-widget-wrap\">\n\t\t\t\t\t\t<div class=\"elementor-element elementor-element-4d9e94f animated-slow elementor-widget-divider--view-line elementor-invisible elementor-widget elementor-widget-divider\" data-id=\"4d9e94f\" data-element_type=\"widget\" data-settings=\"{&quot;_animation&quot;:&quot;fadeInLeft&quot;,&quot;_animation_delay&quot;:350}\" data-widget_type=\"divider.default\">\n\t\t\t\t<div class=\"elementor-widget-container\">\n\t\t\t\t\t<div class=\"elementor-divider\">\n\t\t\t<span class=\"elementor-divider-separator\">\n\t\t\t\t\t\t<\/span>\n\t\t<\/div>\n\t\t\t\t<\/div>\n\t\t\t\t<\/div>\n\t\t\t\t\t\t<\/div>\n\t\t\t\t\t<\/div>\n\t\t<\/div>\n\t\t\t\t\t\t\t\t<\/div>\n\t\t\t\t\t<\/div>\n\t\t<\/section>\n\t\t\t\t<section class=\"elementor-section elementor-top-section elementor-element elementor-element-dbf1819 elementor-section-boxed elementor-section-height-default elementor-section-height-default elementor-invisible\" data-id=\"dbf1819\" data-element_type=\"section\" data-settings=\"{&quot;jet_parallax_layout_list&quot;:[{&quot;jet_parallax_layout_image&quot;:{&quot;url&quot;:&quot;&quot;,&quot;id&quot;:&quot;&quot;,&quot;size&quot;:&quot;&quot;},&quot;_id&quot;:&quot;9640748&quot;,&quot;jet_parallax_layout_image_tablet&quot;:{&quot;url&quot;:&quot;&quot;,&quot;id&quot;:&quot;&quot;,&quot;size&quot;:&quot;&quot;},&quot;jet_parallax_layout_image_mobile&quot;:{&quot;url&quot;:&quot;&quot;,&quot;id&quot;:&quot;&quot;,&quot;size&quot;:&quot;&quot;},&quot;jet_parallax_layout_speed&quot;:{&quot;unit&quot;:&quot;%&quot;,&quot;size&quot;:50,&quot;sizes&quot;:[]},&quot;jet_parallax_layout_type&quot;:&quot;scroll&quot;,&quot;jet_parallax_layout_direction&quot;:null,&quot;jet_parallax_layout_fx_direction&quot;:null,&quot;jet_parallax_layout_z_index&quot;:&quot;&quot;,&quot;jet_parallax_layout_bg_x&quot;:50,&quot;jet_parallax_layout_bg_x_tablet&quot;:&quot;&quot;,&quot;jet_parallax_layout_bg_x_mobile&quot;:&quot;&quot;,&quot;jet_parallax_layout_bg_y&quot;:50,&quot;jet_parallax_layout_bg_y_tablet&quot;:&quot;&quot;,&quot;jet_parallax_layout_bg_y_mobile&quot;:&quot;&quot;,&quot;jet_parallax_layout_bg_size&quot;:&quot;auto&quot;,&quot;jet_parallax_layout_bg_size_tablet&quot;:&quot;&quot;,&quot;jet_parallax_layout_bg_size_mobile&quot;:&quot;&quot;,&quot;jet_parallax_layout_animation_prop&quot;:&quot;transform&quot;,&quot;jet_parallax_layout_on&quot;:[&quot;desktop&quot;,&quot;tablet&quot;]}],&quot;animation&quot;:&quot;fadeIn&quot;,&quot;animation_delay&quot;:400}\">\n\t\t\t\t\t\t<div class=\"elementor-container elementor-column-gap-default\">\n\t\t\t\t\t\t\t<div class=\"elementor-row\">\n\t\t\t\t\t<div class=\"elementor-column elementor-col-100 elementor-top-column elementor-element elementor-element-67d8cfe\" data-id=\"67d8cfe\" data-element_type=\"column\">\n\t\t\t<div class=\"elementor-column-wrap elementor-element-populated\">\n\t\t\t\t\t\t\t<div class=\"elementor-widget-wrap\">\n\t\t\t\t\t\t<div class=\"elementor-element elementor-element-b3d2241 elementor-widget elementor-widget-text-editor\" data-id=\"b3d2241\" data-element_type=\"widget\" data-widget_type=\"text-editor.default\">\n\t\t\t\t<div class=\"elementor-widget-container\">\n\t\t\t\t\t\t\t\t<div class=\"elementor-text-editor elementor-clearfix\">\n\t\t\t\t<p>Y\u0131ld\u0131z Yay Otomotiv Makine Metal San. ve Tic. Ltd. \u015eti. olarak biz en y\u00fcksek etik standartlarda i\u015f yapmay\u0131 hedefleriz.<\/p><h2>T\u00fcm Etik Kurallar\u0131m\u0131z\u0131 Herkese E\u015fit Uygular\u0131z<\/h2><p>Y\u0131ld\u0131z Yay\u2019\u0131n etik kurallar\u0131n\u0131n tamam\u0131, genel m\u00fcd\u00fcr ve liderler dahil olmak \u00fczere, herkes i\u00e7in e\u015fit derecede ba\u011flay\u0131c\u0131d\u0131r.<\/p><p>\u2022 T\u00fcm \u00e7al\u0131\u015fanlar\u0131m\u0131zdan, etik kurallara uyarak ve ekip arkada\u015flar\u0131n\u0131n da uydu\u011fundan emin olarak \u00e7al\u0131\u015fmalar\u0131n\u0131 bekleriz.<\/p><p>\u2022 Liderlerimizden, Y\u0131ld\u0131z Yay etik kurallar\u0131 fark\u0131ndal\u0131\u011f\u0131n\u0131n t\u00fcm \u00e7al\u0131\u015fanlara aktar\u0131lmas\u0131n\u0131 ve bu kurallar\u0131n y\u00f6n verdi\u011fi etik k\u00fclt\u00fcr ortam\u0131n\u0131n, herkesin kat\u0131l\u0131m\u0131yla sa\u011fland\u0131\u011f\u0131ndan ve yerle\u015fti\u011finden emin olmalar\u0131n\u0131 bekleriz.<\/p><p>\u2022 Y\u0131ld\u0131z Yay Etik Kurallar\u2019\u0131n yerle\u015fti\u011fini sa\u011fl\u0131kl\u0131 denetleyebilmek i\u00e7in \u015feffafl\u0131\u011f\u0131 te\u015fvik ederiz, ihlal durumunda \u00e7\u00f6z\u00fcm\u00fcn par\u00e7as\u0131 olmay\u0131 taahh\u00fct ederiz, herhangi bir ihlalin iyi niyetle dile getirilmesi halinde herhangi bir misillemeye m\u00fcsaade etmeyiz.<\/p><h2>\u00c7al\u0131\u015fanlar\u0131m\u0131z\u0131n Sa\u011fl\u0131k ve G\u00fcvenli\u011fini Koruruz<\/h2><p>\u00c7al\u0131\u015fanlar\u0131m\u0131z\u0131n sa\u011fl\u0131kl\u0131 ve g\u00fcvenli bir ortamda \u00e7al\u0131\u015fmas\u0131 bizim i\u00e7in \u00f6nemlidir.<\/p><p>\u2022 \u00c7al\u0131\u015fanlar\u0131m\u0131zdan, kendilerine verilen ki\u015fisel koruyucu ekipmanlar\u0131 belirtilen talimatlar \u00e7er\u00e7evesinde kullan\u0131p, g\u00fcvenlik kurallar\u0131na uyarak i\u015f sa\u011fl\u0131\u011f\u0131 ve g\u00fcvenli\u011fi \u00e7al\u0131\u015fmalar\u0131m\u0131za kat\u0131l\u0131m sa\u011flamalar\u0131n\u0131 bekleriz.<br \/>\u2022 \u0130\u015fin yap\u0131ld\u0131\u011f\u0131 her t\u00fcrl\u00fc sahada ki\u015fiye ve mal varl\u0131klar\u0131na \u015fiddet ve tehditi hi\u00e7bir ko\u015ful alt\u0131nda kabul etmeyiz.<br \/>\u2022 \u0130\u015fin yap\u0131ld\u0131\u011f\u0131 her t\u00fcrl\u00fc sahada alkol veya uyu\u015fturucu kullan\u0131m\u0131n\u0131 veya bu maddelerin etkisinde i\u015f ger\u00e7ekle\u015ftirmeyi kabul etmeyiz.<\/p><h2>F\u0131rsat E\u015fitli\u011fine \u00d6nem Verir Ayr\u0131mc\u0131l\u0131\u011f\u0131 Kabul Etmeyiz<\/h2><p>T\u00fcm \u00e7al\u0131\u015fanlar\u0131n yaln\u0131zca yaratt\u0131\u011f\u0131 objektif de\u011ferlere dikkat ederiz, renk, \u0131rk, cinsiyet, ya\u015f, etnisite veya dini inan\u0131\u015f gibi konularda ayr\u0131mc\u0131l\u0131\u011fa izin vermeyiz.<\/p><p>\u2022 Maa\u015f, prim, avans, terfi, emeklilik ve i\u015f akdini sonland\u0131rma gibi konularda belirtilen ayr\u0131mlara m\u00fcsaade etmeden her \u00e7al\u0131\u015fan i\u00e7in f\u0131rsat e\u015fitli\u011fi ortam\u0131n\u0131 sa\u011flamay\u0131 ve s\u00fcrd\u00fcrmeyi taahh\u00fct ederiz.<\/p><h2>D\u00fcr\u00fcstl\u00fck ve \u015eeffafl\u0131\u011f\u0131 \u00d6nemseriz<\/h2><p>T\u00fcm faaliyetlerimizde ko\u015fulsuz d\u00fcr\u00fcstl\u00fck, adalet ve \u00f6l\u00e7\u00fcl\u00fcl\u00fc\u011f\u00fc esas al\u0131r\u0131z.<\/p><p>\u2022 Y\u0131ld\u0131z Yay kaliteli \u00fcr\u00fcnler \u00fcretmeye odakl\u0131 bir firmad\u0131r. Bu hedefimizden uzakla\u015faca\u011f\u0131m\u0131z herhangi bir uygulamay\u0131, bireysel hatan\u0131z dahil olmak \u00fczere, kalite y\u00f6netim amirinizle tam \u015feffafl\u0131k \u00e7er\u00e7evesinde payla\u015fmal\u0131s\u0131n\u0131z. Aksi halde, bilgi ak\u0131\u015f\u0131n\u0131 kesintiye u\u011frat\u0131r, problemlerin \u00fcst\u00fcn\u00fc kapat\u0131r ve \u00e7\u00f6z\u00fcm\u00fcne engel olursunuz.<br \/>\u2022 Firmam\u0131zda ve tedarik zincirimizde yolsuzluk, r\u00fc\u015fvet, doland\u0131r\u0131c\u0131l\u0131k, fahi\u015f fiyat veya herhangi bir haks\u0131z kazanca hi\u00e7bir ko\u015ful alt\u0131nda ve hi\u00e7bir \u015fekilde tolerans g\u00f6stermeyiz.<\/p><h2>Ger\u00e7ek veya T\u00fczel Ki\u015filiklerin Gizliliklerini Koruruz<\/h2><p>Etkile\u015fimde oldu\u011fumuz b\u00fct\u00fcn ki\u015fi ve kurulu\u015flar\u0131n gizli bilgilerini koruruz. Firmam\u0131zda ve tedarik zincirimizde \u00fc\u00e7\u00fcnc\u00fc taraflar\u0131n bilgilerinin gizlili\u011fini tehlikeye sokacak eylemlere tolerans g\u00f6sterilmez. Yaln\u0131zca mevzuat\u0131n gerektirdi\u011fi durumlarda bu bilgiler mahkemelerle payla\u015f\u0131labilir.<\/p><p>\u2022 Yaln\u0131zca i\u015fimiz ile ilgili bilgileri kullan\u0131r\u0131z, yetkimizin olmad\u0131\u011f\u0131, i\u015f arkada\u015f\u0131m\u0131z\u0131n ki\u015fisel verilerinin oldu\u011fu, m\u00fc\u015fteri verilerinin sakland\u0131\u011f\u0131, Y\u0131ld\u0131z Yay kurumsal bilgilerinin sakland\u0131\u011f\u0131 sistemlere giri\u015f yapmay\u0131z, bu gibi sistemlerden herhangi bir veriyi \u00fc\u00e7\u00fcnc\u00fc ki\u015filerle payla\u015fmay\u0131z.<\/p><h2>Fikri M\u00fclkiyet Haklar\u0131n\u0131 Koruruz<\/h2><p>Firmam\u0131zda, tedarik zincirimiz ve m\u00fc\u015fteri ili\u015fkilerimizde fikri m\u00fclkiyet hakk\u0131 i\u00e7eren t\u00fcm eserleri koruruz. Y\u0131ld\u0131z Yay\u2019\u0131n gizli bilgilerinin payla\u015f\u0131lmas\u0131na izin vermeyiz.<\/p><p>\u2022 Y\u0131ld\u0131z Yay\u2019\u0131n t\u00fcm ticari fayda sa\u011flayacak s\u0131rlar\u0131n\u0131 koruyun. Herhangi bir rakip veya m\u00fc\u015fterimizin gizli bilgilerine eri\u015fmek i\u00e7in yasad\u0131\u015f\u0131 faaliyette bulunmay\u0131n.<br \/>\u2022 Bilgileri, i\u015f arkada\u015flar\u0131n\u0131z veya \u00e7al\u0131\u015fanlar\u0131n\u0131zla bilmesi gerekti\u011fi kadar\u0131yla payla\u015f\u0131n.<br \/>\u2022 \u0130\u015finizle ilgili kulland\u0131\u011f\u0131n\u0131z herhangi bir gizli veri var ise, g\u00f6rev ba\u015f\u0131ndan ayr\u0131lman\u0131z durumunda emniyette olaca\u011f\u0131ndan emin olun.<br \/>\u2022 Y\u0131ld\u0131z Yay i\u015f sahas\u0131nda Genel M\u00fcd\u00fcr onay\u0131 olmadan, herhangi bir ko\u015fulda kay\u0131t cihazlar\u0131yla i\u015flem yap\u0131lmas\u0131na m\u00fcsaade etmeyin.<\/p><h2>Yaln\u0131zca Y\u0131ld\u0131z Yay Menfaatlerini \u00d6nceleriz<\/h2><p>T\u00fcm i\u015f alanlar\u0131m\u0131zda uzun vadeli Y\u0131ld\u0131z Yay menfaatleri d\u00fc\u015f\u00fcn\u00fclerek davran\u0131lmas\u0131n\u0131 bekleriz.<\/p><p>\u2022 Y\u0131ld\u0131z Yay i\u00e7inde, tedarik\u00e7ide veya m\u00fc\u015fteride profesyonel kanaatlere etki edecek, parasal de\u011feri olan herhangi bir \u015feyin al\u0131nmas\u0131n\u0131 veya verilmesini kabul etmeyiz. Y\u0131ld\u0131z Yay maddi, altyap\u0131 veya insan kaynaklar\u0131n\u0131n ki\u015fisel \u00e7\u0131kar elde etmek i\u00e7in kullan\u0131lmas\u0131na m\u00fcsaade etmeyiz.<br \/>\u2022 \u015eirket kaynaklar\u0131n\u0131n kullan\u0131m\u0131ndan t\u00fcm \u00e7al\u0131\u015fanlar olarak sorumlu oldu\u011fumuzun ve \u00f6l\u00e7\u00fcl\u00fc bir bi\u00e7imde kullanmam\u0131z gerekti\u011finin bilincinde hareket ederiz.<\/p><h2>\u00c7al\u0131\u015fma Saatleri, Tazminat ve \u00d6rg\u00fctlenme Haklar\u0131na Sayg\u0131 Duyar\u0131z<\/h2><p>Kanunlar \u00e7er\u00e7evesinde belirlenmi\u015f t\u00fcm haklara sayg\u0131 duyar\u0131z. \u00c7al\u0131\u015fanlar\u0131m\u0131za yine kanunlar\u0131n \u00e7izdi\u011fi s\u0131n\u0131rlar dahilinde \u00f6deme yapar\u0131z.<\/p><p>\u2022 \u00c7al\u0131\u015fan temsilcilerine g\u00f6revlerini yerine getirebilecekleri imkanlar\u0131 sa\u011flar\u0131z. Anayasal \u00f6rg\u00fctlenme hakk\u0131 sebebiyle hi\u00e7bir \u00e7al\u0131\u015fan\u0131m\u0131za ayr\u0131mc\u0131l\u0131k yapmay\u0131z.<br \/>\u2022 Haftal\u0131k 45 saati a\u015fan \u00e7al\u0131\u015fma durumunda, yasalar dahilinde mesai \u00fccretlerini kar\u015f\u0131lar\u0131z. Maa\u015f bordrolar\u0131nda vergi gibi kesintilerle ilgili her t\u00fcrl\u00fc bilgi ak\u0131\u015f\u0131n\u0131 sa\u011flar\u0131z.<br \/>\u2022 Yasal \u00e7er\u00e7evede, tazminat y\u00fck\u00fcml\u00fcl\u00fcklerini kar\u015f\u0131lar\u0131z.<\/p><p>Bu politika belgesi, YILDIZ YAY OTOMOT\u0130V&#8217; in daha iyi bir d\u00fcnya ve gelecek i\u00e7in \u00fczerine d\u00fc\u015fen her t\u00fcrl\u00fc sorumlulu\u011fu yerine getirece\u011finin a\u00e7\u0131k bir taahh\u00fcd\u00fcn\u00fc, t\u00fcm \u00e7al\u0131\u015fanlar\u0131m\u0131zla, hissedarlar\u0131m\u0131zla ve di\u011fer t\u00fcm payda\u015flar\u0131m\u0131zla payla\u015fmak \u00fczere haz\u0131rlanm\u0131\u015ft\u0131r.<\/p>\t\t\t\t\t<\/div>\n\t\t\t\t\t\t<\/div>\n\t\t\t\t<\/div>\n\t\t\t\t\t\t<\/div>\n\t\t\t\t\t<\/div>\n\t\t<\/div>\n\t\t\t\t\t\t\t\t<\/div>\n\t\t\t\t\t<\/div>\n\t\t<\/section>\n\t\t\t\t\t\t\t\t\t<\/div>\n\t\t\t<\/div>\n\t\t\t\t\t<\/div>\n\t\t","protected":false},"excerpt":{"rendered":"<p>Y\u0131ld\u0131z Yay Otomotiv Makine Metal San. ve Tic. Ltd. \u015eti. olarak biz en y\u00fcksek etik standartlarda i\u015f yapmay\u0131 hedefleriz. T\u00fcm Etik Kurallar\u0131m\u0131z\u0131 Herkese E\u015fit Uygular\u0131z Y\u0131ld\u0131z Yay\u2019\u0131n etik kurallar\u0131n\u0131n tamam\u0131, genel m\u00fcd\u00fcr ve liderler dahil olmak \u00fczere, herkes i\u00e7in e\u015fit derecede ba\u011flay\u0131c\u0131d\u0131r. \u2022 T\u00fcm \u00e7al\u0131\u015fanlar\u0131m\u0131zdan, etik kurallara uyarak ve ekip arkada\u015flar\u0131n\u0131n da uydu\u011fundan emin olarak [&hellip;]<\/p>\n","protected":false},"author":1,"featured_media":0,"parent":672,"menu_order":2,"comment_status":"closed","ping_status":"closed","template":"","meta":[],"yoast_head":"<!-- This site is optimized with the Yoast SEO plugin v19.13 - https:\/\/yoast.com\/wordpress\/plugins\/seo\/ -->\n<title>Etik Kurallar\u0131m\u0131z | Y\u0131ld\u0131z Yay<\/title>\n<meta name=\"robots\" content=\"index, follow, max-snippet:-1, max-image-preview:large, max-video-preview:-1\" \/>\n<link rel=\"canonical\" href=\"http:\/\/yildizyay.net\/en\/corporate\/code-of-ethics\/\" \/>\n<meta property=\"og:locale\" content=\"en_GB\" \/>\n<meta property=\"og:type\" content=\"article\" \/>\n<meta property=\"og:title\" content=\"Etik Kurallar\u0131m\u0131z | Y\u0131ld\u0131z Yay\" \/>\n<meta property=\"og:description\" content=\"Y\u0131ld\u0131z Yay Otomotiv Makine Metal San. ve Tic. Ltd. \u015eti. olarak biz en y\u00fcksek etik standartlarda i\u015f yapmay\u0131 hedefleriz. T\u00fcm Etik Kurallar\u0131m\u0131z\u0131 Herkese E\u015fit Uygular\u0131z Y\u0131ld\u0131z Yay\u2019\u0131n etik kurallar\u0131n\u0131n tamam\u0131, genel m\u00fcd\u00fcr ve liderler dahil olmak \u00fczere, herkes i\u00e7in e\u015fit derecede ba\u011flay\u0131c\u0131d\u0131r. \u2022 T\u00fcm \u00e7al\u0131\u015fanlar\u0131m\u0131zdan, etik kurallara uyarak ve ekip arkada\u015flar\u0131n\u0131n da uydu\u011fundan emin olarak [&hellip;]\" \/>\n<meta property=\"og:url\" content=\"http:\/\/yildizyay.net\/en\/corporate\/code-of-ethics\/\" \/>\n<meta property=\"og:site_name\" content=\"Y\u0131ld\u0131z Yay\" \/>\n<meta property=\"article:modified_time\" content=\"2020-12-24T14:05:33+00:00\" \/>\n<meta name=\"twitter:card\" content=\"summary_large_image\" \/>\n<meta name=\"twitter:label1\" content=\"Estimated reading time\" \/>\n\t<meta name=\"twitter:data1\" content=\"5 minutes\" \/>\n<script type=\"application\/ld+json\" class=\"yoast-schema-graph\">{\"@context\":\"https:\/\/schema.org\",\"@graph\":[{\"@type\":\"WebPage\",\"@id\":\"http:\/\/yildizyay.net\/en\/corporate\/code-of-ethics\/\",\"url\":\"http:\/\/yildizyay.net\/en\/corporate\/code-of-ethics\/\",\"name\":\"Etik Kurallar\u0131m\u0131z | Y\u0131ld\u0131z Yay\",\"isPartOf\":{\"@id\":\"http:\/\/yildizyay.net\/en\/#website\"},\"datePublished\":\"2020-12-07T14:46:44+00:00\",\"dateModified\":\"2020-12-24T14:05:33+00:00\",\"breadcrumb\":{\"@id\":\"http:\/\/yildizyay.net\/en\/corporate\/code-of-ethics\/#breadcrumb\"},\"inLanguage\":\"en-GB\",\"potentialAction\":[{\"@type\":\"ReadAction\",\"target\":[\"http:\/\/yildizyay.net\/en\/corporate\/code-of-ethics\/\"]}]},{\"@type\":\"BreadcrumbList\",\"@id\":\"http:\/\/yildizyay.net\/en\/corporate\/code-of-ethics\/#breadcrumb\",\"itemListElement\":[{\"@type\":\"ListItem\",\"position\":1,\"name\":\"Home\",\"item\":\"http:\/\/yildizyay.net\/en\/\"},{\"@type\":\"ListItem\",\"position\":2,\"name\":\"Kurumsal\",\"item\":\"http:\/\/yildizyay.net\/en\/corporate\/\"},{\"@type\":\"ListItem\",\"position\":3,\"name\":\"Etik Kurallar\u0131m\u0131z\"}]},{\"@type\":\"WebSite\",\"@id\":\"http:\/\/yildizyay.net\/en\/#website\",\"url\":\"http:\/\/yildizyay.net\/en\/\",\"name\":\"Y\u0131ld\u0131z Yay\",\"description\":\"Otomativ Makine Metal Sanayi\",\"publisher\":{\"@id\":\"http:\/\/yildizyay.net\/en\/#organization\"},\"potentialAction\":[{\"@type\":\"SearchAction\",\"target\":{\"@type\":\"EntryPoint\",\"urlTemplate\":\"http:\/\/yildizyay.net\/en\/?s={search_term_string}\"},\"query-input\":\"required name=search_term_string\"}],\"inLanguage\":\"en-GB\"},{\"@type\":\"Organization\",\"@id\":\"http:\/\/yildizyay.net\/en\/#organization\",\"name\":\"Y\u0131ld\u0131z Yay\",\"url\":\"http:\/\/yildizyay.net\/en\/\",\"logo\":{\"@type\":\"ImageObject\",\"inLanguage\":\"en-GB\",\"@id\":\"http:\/\/yildizyay.net\/en\/#\/schema\/logo\/image\/\",\"url\":\"http:\/\/yildizyay.net\/wp-content\/uploads\/logo.svg\",\"contentUrl\":\"http:\/\/yildizyay.net\/wp-content\/uploads\/logo.svg\",\"caption\":\"Y\u0131ld\u0131z Yay\"},\"image\":{\"@id\":\"http:\/\/yildizyay.net\/en\/#\/schema\/logo\/image\/\"}}]}<\/script>\n<!-- \/ Yoast SEO plugin. -->","yoast_head_json":{"title":"Etik Kurallar\u0131m\u0131z | Y\u0131ld\u0131z Yay","robots":{"index":"index","follow":"follow","max-snippet":"max-snippet:-1","max-image-preview":"max-image-preview:large","max-video-preview":"max-video-preview:-1"},"canonical":"http:\/\/yildizyay.net\/en\/corporate\/code-of-ethics\/","og_locale":"en_GB","og_type":"article","og_title":"Etik Kurallar\u0131m\u0131z | Y\u0131ld\u0131z Yay","og_description":"Y\u0131ld\u0131z Yay Otomotiv Makine Metal San. ve Tic. Ltd. \u015eti. olarak biz en y\u00fcksek etik standartlarda i\u015f yapmay\u0131 hedefleriz. T\u00fcm Etik Kurallar\u0131m\u0131z\u0131 Herkese E\u015fit Uygular\u0131z Y\u0131ld\u0131z Yay\u2019\u0131n etik kurallar\u0131n\u0131n tamam\u0131, genel m\u00fcd\u00fcr ve liderler dahil olmak \u00fczere, herkes i\u00e7in e\u015fit derecede ba\u011flay\u0131c\u0131d\u0131r. \u2022 T\u00fcm \u00e7al\u0131\u015fanlar\u0131m\u0131zdan, etik kurallara uyarak ve ekip arkada\u015flar\u0131n\u0131n da uydu\u011fundan emin olarak [&hellip;]","og_url":"http:\/\/yildizyay.net\/en\/corporate\/code-of-ethics\/","og_site_name":"Y\u0131ld\u0131z Yay","article_modified_time":"2020-12-24T14:05:33+00:00","twitter_card":"summary_large_image","twitter_misc":{"Estimated reading time":"5 minutes"},"schema":{"@context":"https:\/\/schema.org","@graph":[{"@type":"WebPage","@id":"http:\/\/yildizyay.net\/en\/corporate\/code-of-ethics\/","url":"http:\/\/yildizyay.net\/en\/corporate\/code-of-ethics\/","name":"Etik Kurallar\u0131m\u0131z | Y\u0131ld\u0131z Yay","isPartOf":{"@id":"http:\/\/yildizyay.net\/en\/#website"},"datePublished":"2020-12-07T14:46:44+00:00","dateModified":"2020-12-24T14:05:33+00:00","breadcrumb":{"@id":"http:\/\/yildizyay.net\/en\/corporate\/code-of-ethics\/#breadcrumb"},"inLanguage":"en-GB","potentialAction":[{"@type":"ReadAction","target":["http:\/\/yildizyay.net\/en\/corporate\/code-of-ethics\/"]}]},{"@type":"BreadcrumbList","@id":"http:\/\/yildizyay.net\/en\/corporate\/code-of-ethics\/#breadcrumb","itemListElement":[{"@type":"ListItem","position":1,"name":"Home","item":"http:\/\/yildizyay.net\/en\/"},{"@type":"ListItem","position":2,"name":"Kurumsal","item":"http:\/\/yildizyay.net\/en\/corporate\/"},{"@type":"ListItem","position":3,"name":"Etik Kurallar\u0131m\u0131z"}]},{"@type":"WebSite","@id":"http:\/\/yildizyay.net\/en\/#website","url":"http:\/\/yildizyay.net\/en\/","name":"Y\u0131ld\u0131z Yay","description":"Otomativ Makine Metal Sanayi","publisher":{"@id":"http:\/\/yildizyay.net\/en\/#organization"},"potentialAction":[{"@type":"SearchAction","target":{"@type":"EntryPoint","urlTemplate":"http:\/\/yildizyay.net\/en\/?s={search_term_string}"},"query-input":"required name=search_term_string"}],"inLanguage":"en-GB"},{"@type":"Organization","@id":"http:\/\/yildizyay.net\/en\/#organization","name":"Y\u0131ld\u0131z Yay","url":"http:\/\/yildizyay.net\/en\/","logo":{"@type":"ImageObject","inLanguage":"en-GB","@id":"http:\/\/yildizyay.net\/en\/#\/schema\/logo\/image\/","url":"http:\/\/yildizyay.net\/wp-content\/uploads\/logo.svg","contentUrl":"http:\/\/yildizyay.net\/wp-content\/uploads\/logo.svg","caption":"Y\u0131ld\u0131z Yay"},"image":{"@id":"http:\/\/yildizyay.net\/en\/#\/schema\/logo\/image\/"}}]}},"_links":{"self":[{"href":"http:\/\/yildizyay.net\/en\/wp-json\/wp\/v2\/pages\/467"}],"collection":[{"href":"http:\/\/yildizyay.net\/en\/wp-json\/wp\/v2\/pages"}],"about":[{"href":"http:\/\/yildizyay.net\/en\/wp-json\/wp\/v2\/types\/page"}],"author":[{"embeddable":true,"href":"http:\/\/yildizyay.net\/en\/wp-json\/wp\/v2\/users\/1"}],"replies":[{"embeddable":true,"href":"http:\/\/yildizyay.net\/en\/wp-json\/wp\/v2\/comments?post=467"}],"version-history":[{"count":34,"href":"http:\/\/yildizyay.net\/en\/wp-json\/wp\/v2\/pages\/467\/revisions"}],"predecessor-version":[{"id":1239,"href":"http:\/\/yildizyay.net\/en\/wp-json\/wp\/v2\/pages\/467\/revisions\/1239"}],"up":[{"embeddable":true,"href":"http:\/\/yildizyay.net\/en\/wp-json\/wp\/v2\/pages\/672"}],"wp:attachment":[{"href":"http:\/\/yildizyay.net\/en\/wp-json\/wp\/v2\/media?parent=467"}],"curies":[{"name":"wp","href":"https:\/\/api.w.org\/{rel}","templated":true}]}}