{"id":375,"date":"2020-12-07T13:29:43","date_gmt":"2020-12-07T13:29:43","guid":{"rendered":"http:\/\/yildizyay.net\/?page_id=375"},"modified":"2020-12-29T15:10:03","modified_gmt":"2020-12-29T15:10:03","slug":"hakkimizda","status":"publish","type":"page","link":"http:\/\/yildizyay.net\/en\/corporate\/about-us\/","title":{"rendered":"About Us"},"content":{"rendered":"\t\t<div data-elementor-type=\"wp-page\" data-elementor-id=\"375\" class=\"elementor elementor-375\">\n\t\t\t\t\t\t<div class=\"elementor-inner\">\n\t\t\t\t<div class=\"elementor-section-wrap\">\n\t\t\t\t\t\t\t\t\t<section class=\"elementor-section elementor-top-section elementor-element elementor-element-b3bf0bc elementor-section-height-min-height elementor-section-boxed elementor-section-height-default elementor-section-items-middle elementor-invisible\" data-id=\"b3bf0bc\" data-element_type=\"section\" data-settings=\"{&quot;background_background&quot;:&quot;classic&quot;,&quot;jet_parallax_layout_list&quot;:[{&quot;jet_parallax_layout_image&quot;:{&quot;url&quot;:&quot;&quot;,&quot;id&quot;:&quot;&quot;,&quot;size&quot;:&quot;&quot;},&quot;_id&quot;:&quot;fbee2da&quot;,&quot;jet_parallax_layout_image_tablet&quot;:{&quot;url&quot;:&quot;&quot;,&quot;id&quot;:&quot;&quot;,&quot;size&quot;:&quot;&quot;},&quot;jet_parallax_layout_image_mobile&quot;:{&quot;url&quot;:&quot;&quot;,&quot;id&quot;:&quot;&quot;,&quot;size&quot;:&quot;&quot;},&quot;jet_parallax_layout_speed&quot;:{&quot;unit&quot;:&quot;%&quot;,&quot;size&quot;:50,&quot;sizes&quot;:[]},&quot;jet_parallax_layout_type&quot;:&quot;scroll&quot;,&quot;jet_parallax_layout_direction&quot;:null,&quot;jet_parallax_layout_fx_direction&quot;:null,&quot;jet_parallax_layout_z_index&quot;:&quot;&quot;,&quot;jet_parallax_layout_bg_x&quot;:50,&quot;jet_parallax_layout_bg_x_tablet&quot;:&quot;&quot;,&quot;jet_parallax_layout_bg_x_mobile&quot;:&quot;&quot;,&quot;jet_parallax_layout_bg_y&quot;:50,&quot;jet_parallax_layout_bg_y_tablet&quot;:&quot;&quot;,&quot;jet_parallax_layout_bg_y_mobile&quot;:&quot;&quot;,&quot;jet_parallax_layout_bg_size&quot;:&quot;auto&quot;,&quot;jet_parallax_layout_bg_size_tablet&quot;:&quot;&quot;,&quot;jet_parallax_layout_bg_size_mobile&quot;:&quot;&quot;,&quot;jet_parallax_layout_animation_prop&quot;:&quot;transform&quot;,&quot;jet_parallax_layout_on&quot;:[&quot;desktop&quot;,&quot;tablet&quot;]}],&quot;animation&quot;:&quot;fadeInUp&quot;}\">\n\t\t\t\t\t\t<div class=\"elementor-container elementor-column-gap-default\">\n\t\t\t\t\t\t\t<div class=\"elementor-row\">\n\t\t\t\t\t<div class=\"elementor-column elementor-col-100 elementor-top-column elementor-element elementor-element-b2a509c\" data-id=\"b2a509c\" data-element_type=\"column\">\n\t\t\t<div class=\"elementor-column-wrap\">\n\t\t\t\t\t\t\t<div class=\"elementor-widget-wrap\">\n\t\t\t\t\t\t\t\t<\/div>\n\t\t\t\t\t<\/div>\n\t\t<\/div>\n\t\t\t\t\t\t\t\t<\/div>\n\t\t\t\t\t<\/div>\n\t\t<\/section>\n\t\t\t\t<section class=\"elementor-section elementor-top-section elementor-element elementor-element-c4f8fe8 elementor-section-boxed elementor-section-height-default elementor-section-height-default elementor-invisible\" data-id=\"c4f8fe8\" data-element_type=\"section\" data-settings=\"{&quot;jet_parallax_layout_list&quot;:[{&quot;jet_parallax_layout_image&quot;:{&quot;url&quot;:&quot;&quot;,&quot;id&quot;:&quot;&quot;,&quot;size&quot;:&quot;&quot;},&quot;_id&quot;:&quot;288bbdf&quot;,&quot;jet_parallax_layout_image_tablet&quot;:{&quot;url&quot;:&quot;&quot;,&quot;id&quot;:&quot;&quot;,&quot;size&quot;:&quot;&quot;},&quot;jet_parallax_layout_image_mobile&quot;:{&quot;url&quot;:&quot;&quot;,&quot;id&quot;:&quot;&quot;,&quot;size&quot;:&quot;&quot;},&quot;jet_parallax_layout_speed&quot;:{&quot;unit&quot;:&quot;%&quot;,&quot;size&quot;:50,&quot;sizes&quot;:[]},&quot;jet_parallax_layout_type&quot;:&quot;scroll&quot;,&quot;jet_parallax_layout_direction&quot;:null,&quot;jet_parallax_layout_fx_direction&quot;:null,&quot;jet_parallax_layout_z_index&quot;:&quot;&quot;,&quot;jet_parallax_layout_bg_x&quot;:50,&quot;jet_parallax_layout_bg_x_tablet&quot;:&quot;&quot;,&quot;jet_parallax_layout_bg_x_mobile&quot;:&quot;&quot;,&quot;jet_parallax_layout_bg_y&quot;:50,&quot;jet_parallax_layout_bg_y_tablet&quot;:&quot;&quot;,&quot;jet_parallax_layout_bg_y_mobile&quot;:&quot;&quot;,&quot;jet_parallax_layout_bg_size&quot;:&quot;auto&quot;,&quot;jet_parallax_layout_bg_size_tablet&quot;:&quot;&quot;,&quot;jet_parallax_layout_bg_size_mobile&quot;:&quot;&quot;,&quot;jet_parallax_layout_animation_prop&quot;:&quot;transform&quot;,&quot;jet_parallax_layout_on&quot;:[&quot;desktop&quot;,&quot;tablet&quot;]}],&quot;animation&quot;:&quot;fadeIn&quot;,&quot;animation_delay&quot;:200}\">\n\t\t\t\t\t\t<div class=\"elementor-container elementor-column-gap-default\">\n\t\t\t\t\t\t\t<div class=\"elementor-row\">\n\t\t\t\t\t<div class=\"elementor-column elementor-col-100 elementor-top-column elementor-element elementor-element-380734f\" data-id=\"380734f\" data-element_type=\"column\" data-settings=\"{&quot;background_background&quot;:&quot;classic&quot;}\">\n\t\t\t<div class=\"elementor-column-wrap elementor-element-populated\">\n\t\t\t\t\t\t\t<div class=\"elementor-widget-wrap\">\n\t\t\t\t\t\t<div class=\"elementor-element elementor-element-4d9e94f animated-slow elementor-widget-divider--view-line elementor-invisible elementor-widget elementor-widget-divider\" data-id=\"4d9e94f\" data-element_type=\"widget\" data-settings=\"{&quot;_animation&quot;:&quot;fadeInLeft&quot;,&quot;_animation_delay&quot;:350}\" data-widget_type=\"divider.default\">\n\t\t\t\t<div class=\"elementor-widget-container\">\n\t\t\t\t\t<div class=\"elementor-divider\">\n\t\t\t<span class=\"elementor-divider-separator\">\n\t\t\t\t\t\t<\/span>\n\t\t<\/div>\n\t\t\t\t<\/div>\n\t\t\t\t<\/div>\n\t\t\t\t\t\t<\/div>\n\t\t\t\t\t<\/div>\n\t\t<\/div>\n\t\t\t\t\t\t\t\t<\/div>\n\t\t\t\t\t<\/div>\n\t\t<\/section>\n\t\t\t\t<section class=\"elementor-section elementor-top-section elementor-element elementor-element-dbf1819 elementor-section-boxed elementor-section-height-default elementor-section-height-default elementor-invisible\" data-id=\"dbf1819\" data-element_type=\"section\" data-settings=\"{&quot;jet_parallax_layout_list&quot;:[{&quot;jet_parallax_layout_image&quot;:{&quot;url&quot;:&quot;&quot;,&quot;id&quot;:&quot;&quot;,&quot;size&quot;:&quot;&quot;},&quot;_id&quot;:&quot;11f59c9&quot;,&quot;jet_parallax_layout_image_tablet&quot;:{&quot;url&quot;:&quot;&quot;,&quot;id&quot;:&quot;&quot;,&quot;size&quot;:&quot;&quot;},&quot;jet_parallax_layout_image_mobile&quot;:{&quot;url&quot;:&quot;&quot;,&quot;id&quot;:&quot;&quot;,&quot;size&quot;:&quot;&quot;},&quot;jet_parallax_layout_speed&quot;:{&quot;unit&quot;:&quot;%&quot;,&quot;size&quot;:50,&quot;sizes&quot;:[]},&quot;jet_parallax_layout_type&quot;:&quot;scroll&quot;,&quot;jet_parallax_layout_direction&quot;:null,&quot;jet_parallax_layout_fx_direction&quot;:null,&quot;jet_parallax_layout_z_index&quot;:&quot;&quot;,&quot;jet_parallax_layout_bg_x&quot;:50,&quot;jet_parallax_layout_bg_x_tablet&quot;:&quot;&quot;,&quot;jet_parallax_layout_bg_x_mobile&quot;:&quot;&quot;,&quot;jet_parallax_layout_bg_y&quot;:50,&quot;jet_parallax_layout_bg_y_tablet&quot;:&quot;&quot;,&quot;jet_parallax_layout_bg_y_mobile&quot;:&quot;&quot;,&quot;jet_parallax_layout_bg_size&quot;:&quot;auto&quot;,&quot;jet_parallax_layout_bg_size_tablet&quot;:&quot;&quot;,&quot;jet_parallax_layout_bg_size_mobile&quot;:&quot;&quot;,&quot;jet_parallax_layout_animation_prop&quot;:&quot;transform&quot;,&quot;jet_parallax_layout_on&quot;:[&quot;desktop&quot;,&quot;tablet&quot;]}],&quot;animation&quot;:&quot;fadeInUp&quot;,&quot;animation_delay&quot;:500}\">\n\t\t\t\t\t\t<div class=\"elementor-container elementor-column-gap-default\">\n\t\t\t\t\t\t\t<div class=\"elementor-row\">\n\t\t\t\t\t<div class=\"elementor-column elementor-col-100 elementor-top-column elementor-element elementor-element-67d8cfe\" data-id=\"67d8cfe\" data-element_type=\"column\">\n\t\t\t<div class=\"elementor-column-wrap elementor-element-populated\">\n\t\t\t\t\t\t\t<div class=\"elementor-widget-wrap\">\n\t\t\t\t\t\t<div class=\"elementor-element elementor-element-b3d2241 elementor-widget elementor-widget-text-editor\" data-id=\"b3d2241\" data-element_type=\"widget\" data-widget_type=\"text-editor.default\">\n\t\t\t\t<div class=\"elementor-widget-container\">\n\t\t\t\t\t\t\t\t<div class=\"elementor-text-editor elementor-clearfix\">\n\t\t\t\t<p>Y\u0131ld\u0131zyay, Bursa\u2019da bulunan 2500m\u00b2\u2019lik \u00fcretim sahas\u0131nda ihracat dahil olmak \u00fczere, otomotiv yan sanayi montaj gruplar\u0131na CNC formlu teller, CNC formlu saclar ve klipsler, torsiyon, \u00e7ekme ve bask\u0131 yaylar\u0131, CNC formlu borular, pres par\u00e7alar\u0131 ve punta kaynak uygulamalar\u0131yla hizmet vermektedir.<\/p>\n<p>Sekt\u00f6rdeki 27 y\u0131l\u0131 a\u015fk\u0131n tecr\u00fcbemizle, insan, teknoloji ve tecr\u00fcbeyi \u00f6\u011frenen bir kurum k\u00fclt\u00fcr\u00fc i\u00e7erisinde birle\u015ftirerek, t\u00fcm \u00e7al\u0131\u015fan ve payda\u015flar\u0131 i\u00e7in de\u011fer yaratan ve sekt\u00f6r\u00fcnde \u00e7\u00f6z\u00fcm orta\u011f\u0131 olarak markala\u015fan bir global \u00fcretici olma hedefimize emin ad\u0131mlarla ilerlemekteyiz.<\/p>\t\t\t\t\t<\/div>\n\t\t\t\t\t\t<\/div>\n\t\t\t\t<\/div>\n\t\t\t\t\t\t<\/div>\n\t\t\t\t\t<\/div>\n\t\t<\/div>\n\t\t\t\t\t\t\t\t<\/div>\n\t\t\t\t\t<\/div>\n\t\t<\/section>\n\t\t\t\t\t\t\t\t\t<\/div>\n\t\t\t<\/div>\n\t\t\t\t\t<\/div>\n\t\t","protected":false},"excerpt":{"rendered":"<p>Y\u0131ld\u0131zyay, Bursa\u2019da bulunan 2500m\u00b2\u2019lik \u00fcretim sahas\u0131nda ihracat dahil olmak \u00fczere, otomotiv yan sanayi montaj gruplar\u0131na CNC formlu teller, CNC formlu saclar ve klipsler, torsiyon, \u00e7ekme ve bask\u0131 yaylar\u0131, CNC formlu borular, pres par\u00e7alar\u0131 ve punta kaynak uygulamalar\u0131yla hizmet vermektedir. Sekt\u00f6rdeki 27 y\u0131l\u0131 a\u015fk\u0131n tecr\u00fcbemizle, insan, teknoloji ve tecr\u00fcbeyi \u00f6\u011frenen bir kurum k\u00fclt\u00fcr\u00fc i\u00e7erisinde birle\u015ftirerek, t\u00fcm [&hellip;]<\/p>\n","protected":false},"author":1,"featured_media":0,"parent":672,"menu_order":1,"comment_status":"closed","ping_status":"closed","template":"","meta":[],"yoast_head":"<!-- This site is optimized with the Yoast SEO plugin v19.13 - https:\/\/yoast.com\/wordpress\/plugins\/seo\/ -->\n<title>Hakk\u0131m\u0131zda | Y\u0131ld\u0131z Yay<\/title>\n<meta name=\"robots\" content=\"index, follow, max-snippet:-1, max-image-preview:large, max-video-preview:-1\" \/>\n<link rel=\"canonical\" href=\"http:\/\/yildizyay.net\/en\/kurumsal\/hakkimizda\/\" \/>\n<meta property=\"og:locale\" content=\"en_GB\" \/>\n<meta property=\"og:type\" content=\"article\" \/>\n<meta property=\"og:title\" content=\"Hakk\u0131m\u0131zda | Y\u0131ld\u0131z Yay\" \/>\n<meta property=\"og:description\" content=\"Y\u0131ld\u0131zyay, Bursa\u2019da bulunan 2500m\u00b2\u2019lik \u00fcretim sahas\u0131nda ihracat dahil olmak \u00fczere, otomotiv yan sanayi montaj gruplar\u0131na CNC formlu teller, CNC formlu saclar ve klipsler, torsiyon, \u00e7ekme ve bask\u0131 yaylar\u0131, CNC formlu borular, pres par\u00e7alar\u0131 ve punta kaynak uygulamalar\u0131yla hizmet vermektedir. Sekt\u00f6rdeki 27 y\u0131l\u0131 a\u015fk\u0131n tecr\u00fcbemizle, insan, teknoloji ve tecr\u00fcbeyi \u00f6\u011frenen bir kurum k\u00fclt\u00fcr\u00fc i\u00e7erisinde birle\u015ftirerek, t\u00fcm [&hellip;]\" \/>\n<meta property=\"og:url\" content=\"http:\/\/yildizyay.net\/en\/kurumsal\/hakkimizda\/\" \/>\n<meta property=\"og:site_name\" content=\"Y\u0131ld\u0131z Yay\" \/>\n<meta property=\"article:modified_time\" content=\"2020-12-29T15:10:03+00:00\" \/>\n<meta name=\"twitter:card\" content=\"summary_large_image\" \/>\n<meta name=\"twitter:label1\" content=\"Estimated reading time\" \/>\n\t<meta name=\"twitter:data1\" content=\"1 minute\" \/>\n<script type=\"application\/ld+json\" class=\"yoast-schema-graph\">{\"@context\":\"https:\/\/schema.org\",\"@graph\":[{\"@type\":\"WebPage\",\"@id\":\"http:\/\/yildizyay.net\/kurumsal\/hakkimizda\/\",\"url\":\"http:\/\/yildizyay.net\/kurumsal\/hakkimizda\/\",\"name\":\"Hakk\u0131m\u0131zda | Y\u0131ld\u0131z Yay\",\"isPartOf\":{\"@id\":\"http:\/\/yildizyay.net\/en\/#website\"},\"datePublished\":\"2020-12-07T13:29:43+00:00\",\"dateModified\":\"2020-12-29T15:10:03+00:00\",\"breadcrumb\":{\"@id\":\"http:\/\/yildizyay.net\/kurumsal\/hakkimizda\/#breadcrumb\"},\"inLanguage\":\"en-GB\",\"potentialAction\":[{\"@type\":\"ReadAction\",\"target\":[\"http:\/\/yildizyay.net\/kurumsal\/hakkimizda\/\"]}]},{\"@type\":\"BreadcrumbList\",\"@id\":\"http:\/\/yildizyay.net\/kurumsal\/hakkimizda\/#breadcrumb\",\"itemListElement\":[{\"@type\":\"ListItem\",\"position\":1,\"name\":\"Home\",\"item\":\"http:\/\/yildizyay.net\/en\/\"},{\"@type\":\"ListItem\",\"position\":2,\"name\":\"Kurumsal\",\"item\":\"http:\/\/yildizyay.net\/en\/corporate\/\"},{\"@type\":\"ListItem\",\"position\":3,\"name\":\"Hakk\u0131m\u0131zda\"}]},{\"@type\":\"WebSite\",\"@id\":\"http:\/\/yildizyay.net\/en\/#website\",\"url\":\"http:\/\/yildizyay.net\/en\/\",\"name\":\"Y\u0131ld\u0131z Yay\",\"description\":\"Otomativ Makine Metal Sanayi\",\"publisher\":{\"@id\":\"http:\/\/yildizyay.net\/en\/#organization\"},\"potentialAction\":[{\"@type\":\"SearchAction\",\"target\":{\"@type\":\"EntryPoint\",\"urlTemplate\":\"http:\/\/yildizyay.net\/en\/?s={search_term_string}\"},\"query-input\":\"required name=search_term_string\"}],\"inLanguage\":\"en-GB\"},{\"@type\":\"Organization\",\"@id\":\"http:\/\/yildizyay.net\/en\/#organization\",\"name\":\"Y\u0131ld\u0131z Yay\",\"url\":\"http:\/\/yildizyay.net\/en\/\",\"logo\":{\"@type\":\"ImageObject\",\"inLanguage\":\"en-GB\",\"@id\":\"http:\/\/yildizyay.net\/en\/#\/schema\/logo\/image\/\",\"url\":\"http:\/\/yildizyay.net\/wp-content\/uploads\/logo.svg\",\"contentUrl\":\"http:\/\/yildizyay.net\/wp-content\/uploads\/logo.svg\",\"caption\":\"Y\u0131ld\u0131z Yay\"},\"image\":{\"@id\":\"http:\/\/yildizyay.net\/en\/#\/schema\/logo\/image\/\"}}]}<\/script>\n<!-- \/ Yoast SEO plugin. -->","yoast_head_json":{"title":"Hakk\u0131m\u0131zda | Y\u0131ld\u0131z Yay","robots":{"index":"index","follow":"follow","max-snippet":"max-snippet:-1","max-image-preview":"max-image-preview:large","max-video-preview":"max-video-preview:-1"},"canonical":"http:\/\/yildizyay.net\/en\/kurumsal\/hakkimizda\/","og_locale":"en_GB","og_type":"article","og_title":"Hakk\u0131m\u0131zda | Y\u0131ld\u0131z Yay","og_description":"Y\u0131ld\u0131zyay, Bursa\u2019da bulunan 2500m\u00b2\u2019lik \u00fcretim sahas\u0131nda ihracat dahil olmak \u00fczere, otomotiv yan sanayi montaj gruplar\u0131na CNC formlu teller, CNC formlu saclar ve klipsler, torsiyon, \u00e7ekme ve bask\u0131 yaylar\u0131, CNC formlu borular, pres par\u00e7alar\u0131 ve punta kaynak uygulamalar\u0131yla hizmet vermektedir. Sekt\u00f6rdeki 27 y\u0131l\u0131 a\u015fk\u0131n tecr\u00fcbemizle, insan, teknoloji ve tecr\u00fcbeyi \u00f6\u011frenen bir kurum k\u00fclt\u00fcr\u00fc i\u00e7erisinde birle\u015ftirerek, t\u00fcm [&hellip;]","og_url":"http:\/\/yildizyay.net\/en\/kurumsal\/hakkimizda\/","og_site_name":"Y\u0131ld\u0131z Yay","article_modified_time":"2020-12-29T15:10:03+00:00","twitter_card":"summary_large_image","twitter_misc":{"Estimated reading time":"1 minute"},"schema":{"@context":"https:\/\/schema.org","@graph":[{"@type":"WebPage","@id":"http:\/\/yildizyay.net\/kurumsal\/hakkimizda\/","url":"http:\/\/yildizyay.net\/kurumsal\/hakkimizda\/","name":"Hakk\u0131m\u0131zda | Y\u0131ld\u0131z Yay","isPartOf":{"@id":"http:\/\/yildizyay.net\/en\/#website"},"datePublished":"2020-12-07T13:29:43+00:00","dateModified":"2020-12-29T15:10:03+00:00","breadcrumb":{"@id":"http:\/\/yildizyay.net\/kurumsal\/hakkimizda\/#breadcrumb"},"inLanguage":"en-GB","potentialAction":[{"@type":"ReadAction","target":["http:\/\/yildizyay.net\/kurumsal\/hakkimizda\/"]}]},{"@type":"BreadcrumbList","@id":"http:\/\/yildizyay.net\/kurumsal\/hakkimizda\/#breadcrumb","itemListElement":[{"@type":"ListItem","position":1,"name":"Home","item":"http:\/\/yildizyay.net\/en\/"},{"@type":"ListItem","position":2,"name":"Kurumsal","item":"http:\/\/yildizyay.net\/en\/corporate\/"},{"@type":"ListItem","position":3,"name":"Hakk\u0131m\u0131zda"}]},{"@type":"WebSite","@id":"http:\/\/yildizyay.net\/en\/#website","url":"http:\/\/yildizyay.net\/en\/","name":"Y\u0131ld\u0131z Yay","description":"Otomativ Makine Metal Sanayi","publisher":{"@id":"http:\/\/yildizyay.net\/en\/#organization"},"potentialAction":[{"@type":"SearchAction","target":{"@type":"EntryPoint","urlTemplate":"http:\/\/yildizyay.net\/en\/?s={search_term_string}"},"query-input":"required name=search_term_string"}],"inLanguage":"en-GB"},{"@type":"Organization","@id":"http:\/\/yildizyay.net\/en\/#organization","name":"Y\u0131ld\u0131z Yay","url":"http:\/\/yildizyay.net\/en\/","logo":{"@type":"ImageObject","inLanguage":"en-GB","@id":"http:\/\/yildizyay.net\/en\/#\/schema\/logo\/image\/","url":"http:\/\/yildizyay.net\/wp-content\/uploads\/logo.svg","contentUrl":"http:\/\/yildizyay.net\/wp-content\/uploads\/logo.svg","caption":"Y\u0131ld\u0131z Yay"},"image":{"@id":"http:\/\/yildizyay.net\/en\/#\/schema\/logo\/image\/"}}]}},"_links":{"self":[{"href":"http:\/\/yildizyay.net\/en\/wp-json\/wp\/v2\/pages\/375"}],"collection":[{"href":"http:\/\/yildizyay.net\/en\/wp-json\/wp\/v2\/pages"}],"about":[{"href":"http:\/\/yildizyay.net\/en\/wp-json\/wp\/v2\/types\/page"}],"author":[{"embeddable":true,"href":"http:\/\/yildizyay.net\/en\/wp-json\/wp\/v2\/users\/1"}],"replies":[{"embeddable":true,"href":"http:\/\/yildizyay.net\/en\/wp-json\/wp\/v2\/comments?post=375"}],"version-history":[{"count":94,"href":"http:\/\/yildizyay.net\/en\/wp-json\/wp\/v2\/pages\/375\/revisions"}],"predecessor-version":[{"id":1357,"href":"http:\/\/yildizyay.net\/en\/wp-json\/wp\/v2\/pages\/375\/revisions\/1357"}],"up":[{"embeddable":true,"href":"http:\/\/yildizyay.net\/en\/wp-json\/wp\/v2\/pages\/672"}],"wp:attachment":[{"href":"http:\/\/yildizyay.net\/en\/wp-json\/wp\/v2\/media?parent=375"}],"curies":[{"name":"wp","href":"https:\/\/api.w.org\/{rel}","templated":true}]}}