{"id":1033,"date":"2020-12-21T12:01:17","date_gmt":"2020-12-21T12:01:17","guid":{"rendered":"http:\/\/yildizyay.net\/?page_id=1033"},"modified":"2020-12-24T15:02:16","modified_gmt":"2020-12-24T15:02:16","slug":"ik","status":"publish","type":"page","link":"http:\/\/yildizyay.net\/en\/hr\/","title":{"rendered":"HR"},"content":{"rendered":"\t\t<div data-elementor-type=\"wp-page\" data-elementor-id=\"1033\" class=\"elementor elementor-1033\">\n\t\t\t\t\t\t<div class=\"elementor-inner\">\n\t\t\t\t<div class=\"elementor-section-wrap\">\n\t\t\t\t\t\t\t\t\t<section class=\"elementor-section elementor-top-section elementor-element elementor-element-b3bf0bc elementor-section-height-min-height elementor-section-boxed elementor-section-height-default elementor-section-items-middle elementor-invisible\" data-id=\"b3bf0bc\" data-element_type=\"section\" data-settings=\"{&quot;background_background&quot;:&quot;classic&quot;,&quot;jet_parallax_layout_list&quot;:[{&quot;jet_parallax_layout_image&quot;:{&quot;url&quot;:&quot;&quot;,&quot;id&quot;:&quot;&quot;,&quot;size&quot;:&quot;&quot;},&quot;_id&quot;:&quot;fbee2da&quot;,&quot;jet_parallax_layout_image_tablet&quot;:{&quot;url&quot;:&quot;&quot;,&quot;id&quot;:&quot;&quot;,&quot;size&quot;:&quot;&quot;},&quot;jet_parallax_layout_image_mobile&quot;:{&quot;url&quot;:&quot;&quot;,&quot;id&quot;:&quot;&quot;,&quot;size&quot;:&quot;&quot;},&quot;jet_parallax_layout_speed&quot;:{&quot;unit&quot;:&quot;%&quot;,&quot;size&quot;:50,&quot;sizes&quot;:[]},&quot;jet_parallax_layout_type&quot;:&quot;scroll&quot;,&quot;jet_parallax_layout_direction&quot;:null,&quot;jet_parallax_layout_fx_direction&quot;:null,&quot;jet_parallax_layout_z_index&quot;:&quot;&quot;,&quot;jet_parallax_layout_bg_x&quot;:50,&quot;jet_parallax_layout_bg_x_tablet&quot;:&quot;&quot;,&quot;jet_parallax_layout_bg_x_mobile&quot;:&quot;&quot;,&quot;jet_parallax_layout_bg_y&quot;:50,&quot;jet_parallax_layout_bg_y_tablet&quot;:&quot;&quot;,&quot;jet_parallax_layout_bg_y_mobile&quot;:&quot;&quot;,&quot;jet_parallax_layout_bg_size&quot;:&quot;auto&quot;,&quot;jet_parallax_layout_bg_size_tablet&quot;:&quot;&quot;,&quot;jet_parallax_layout_bg_size_mobile&quot;:&quot;&quot;,&quot;jet_parallax_layout_animation_prop&quot;:&quot;transform&quot;,&quot;jet_parallax_layout_on&quot;:[&quot;desktop&quot;,&quot;tablet&quot;]}],&quot;animation&quot;:&quot;fadeInUp&quot;}\">\n\t\t\t\t\t\t<div class=\"elementor-container elementor-column-gap-default\">\n\t\t\t\t\t\t\t<div class=\"elementor-row\">\n\t\t\t\t\t<div class=\"elementor-column elementor-col-100 elementor-top-column elementor-element elementor-element-b2a509c\" data-id=\"b2a509c\" data-element_type=\"column\">\n\t\t\t<div class=\"elementor-column-wrap\">\n\t\t\t\t\t\t\t<div class=\"elementor-widget-wrap\">\n\t\t\t\t\t\t\t\t<\/div>\n\t\t\t\t\t<\/div>\n\t\t<\/div>\n\t\t\t\t\t\t\t\t<\/div>\n\t\t\t\t\t<\/div>\n\t\t<\/section>\n\t\t\t\t<section class=\"elementor-section elementor-top-section elementor-element elementor-element-c4f8fe8 elementor-section-boxed elementor-section-height-default elementor-section-height-default elementor-invisible\" data-id=\"c4f8fe8\" data-element_type=\"section\" data-settings=\"{&quot;jet_parallax_layout_list&quot;:[{&quot;jet_parallax_layout_image&quot;:{&quot;url&quot;:&quot;&quot;,&quot;id&quot;:&quot;&quot;,&quot;size&quot;:&quot;&quot;},&quot;_id&quot;:&quot;288bbdf&quot;,&quot;jet_parallax_layout_image_tablet&quot;:{&quot;url&quot;:&quot;&quot;,&quot;id&quot;:&quot;&quot;,&quot;size&quot;:&quot;&quot;},&quot;jet_parallax_layout_image_mobile&quot;:{&quot;url&quot;:&quot;&quot;,&quot;id&quot;:&quot;&quot;,&quot;size&quot;:&quot;&quot;},&quot;jet_parallax_layout_speed&quot;:{&quot;unit&quot;:&quot;%&quot;,&quot;size&quot;:50,&quot;sizes&quot;:[]},&quot;jet_parallax_layout_type&quot;:&quot;scroll&quot;,&quot;jet_parallax_layout_direction&quot;:null,&quot;jet_parallax_layout_fx_direction&quot;:null,&quot;jet_parallax_layout_z_index&quot;:&quot;&quot;,&quot;jet_parallax_layout_bg_x&quot;:50,&quot;jet_parallax_layout_bg_x_tablet&quot;:&quot;&quot;,&quot;jet_parallax_layout_bg_x_mobile&quot;:&quot;&quot;,&quot;jet_parallax_layout_bg_y&quot;:50,&quot;jet_parallax_layout_bg_y_tablet&quot;:&quot;&quot;,&quot;jet_parallax_layout_bg_y_mobile&quot;:&quot;&quot;,&quot;jet_parallax_layout_bg_size&quot;:&quot;auto&quot;,&quot;jet_parallax_layout_bg_size_tablet&quot;:&quot;&quot;,&quot;jet_parallax_layout_bg_size_mobile&quot;:&quot;&quot;,&quot;jet_parallax_layout_animation_prop&quot;:&quot;transform&quot;,&quot;jet_parallax_layout_on&quot;:[&quot;desktop&quot;,&quot;tablet&quot;]}],&quot;animation&quot;:&quot;fadeIn&quot;,&quot;animation_delay&quot;:200}\">\n\t\t\t\t\t\t<div class=\"elementor-container elementor-column-gap-default\">\n\t\t\t\t\t\t\t<div class=\"elementor-row\">\n\t\t\t\t\t<div class=\"elementor-column elementor-col-100 elementor-top-column elementor-element elementor-element-380734f\" data-id=\"380734f\" data-element_type=\"column\" data-settings=\"{&quot;background_background&quot;:&quot;classic&quot;}\">\n\t\t\t<div class=\"elementor-column-wrap elementor-element-populated\">\n\t\t\t\t\t\t\t<div class=\"elementor-widget-wrap\">\n\t\t\t\t\t\t<div class=\"elementor-element elementor-element-4d9e94f animated-slow elementor-widget-divider--view-line elementor-invisible elementor-widget elementor-widget-divider\" data-id=\"4d9e94f\" data-element_type=\"widget\" data-settings=\"{&quot;_animation&quot;:&quot;fadeInLeft&quot;,&quot;_animation_delay&quot;:350}\" data-widget_type=\"divider.default\">\n\t\t\t\t<div class=\"elementor-widget-container\">\n\t\t\t\t\t<div class=\"elementor-divider\">\n\t\t\t<span class=\"elementor-divider-separator\">\n\t\t\t\t\t\t<\/span>\n\t\t<\/div>\n\t\t\t\t<\/div>\n\t\t\t\t<\/div>\n\t\t\t\t\t\t<\/div>\n\t\t\t\t\t<\/div>\n\t\t<\/div>\n\t\t\t\t\t\t\t\t<\/div>\n\t\t\t\t\t<\/div>\n\t\t<\/section>\n\t\t\t\t<section class=\"elementor-section elementor-top-section elementor-element elementor-element-dbf1819 elementor-section-boxed elementor-section-height-default elementor-section-height-default\" data-id=\"dbf1819\" data-element_type=\"section\" data-settings=\"{&quot;jet_parallax_layout_list&quot;:[{&quot;jet_parallax_layout_image&quot;:{&quot;url&quot;:&quot;&quot;,&quot;id&quot;:&quot;&quot;,&quot;size&quot;:&quot;&quot;},&quot;_id&quot;:&quot;11f59c9&quot;,&quot;jet_parallax_layout_image_tablet&quot;:{&quot;url&quot;:&quot;&quot;,&quot;id&quot;:&quot;&quot;,&quot;size&quot;:&quot;&quot;},&quot;jet_parallax_layout_image_mobile&quot;:{&quot;url&quot;:&quot;&quot;,&quot;id&quot;:&quot;&quot;,&quot;size&quot;:&quot;&quot;},&quot;jet_parallax_layout_speed&quot;:{&quot;unit&quot;:&quot;%&quot;,&quot;size&quot;:50,&quot;sizes&quot;:[]},&quot;jet_parallax_layout_type&quot;:&quot;scroll&quot;,&quot;jet_parallax_layout_direction&quot;:null,&quot;jet_parallax_layout_fx_direction&quot;:null,&quot;jet_parallax_layout_z_index&quot;:&quot;&quot;,&quot;jet_parallax_layout_bg_x&quot;:50,&quot;jet_parallax_layout_bg_x_tablet&quot;:&quot;&quot;,&quot;jet_parallax_layout_bg_x_mobile&quot;:&quot;&quot;,&quot;jet_parallax_layout_bg_y&quot;:50,&quot;jet_parallax_layout_bg_y_tablet&quot;:&quot;&quot;,&quot;jet_parallax_layout_bg_y_mobile&quot;:&quot;&quot;,&quot;jet_parallax_layout_bg_size&quot;:&quot;auto&quot;,&quot;jet_parallax_layout_bg_size_tablet&quot;:&quot;&quot;,&quot;jet_parallax_layout_bg_size_mobile&quot;:&quot;&quot;,&quot;jet_parallax_layout_animation_prop&quot;:&quot;transform&quot;,&quot;jet_parallax_layout_on&quot;:[&quot;desktop&quot;,&quot;tablet&quot;]}]}\">\n\t\t\t\t\t\t<div class=\"elementor-container elementor-column-gap-default\">\n\t\t\t\t\t\t\t<div class=\"elementor-row\">\n\t\t\t\t\t<div class=\"elementor-column elementor-col-100 elementor-top-column elementor-element elementor-element-67d8cfe elementor-invisible\" data-id=\"67d8cfe\" data-element_type=\"column\" data-settings=\"{&quot;animation&quot;:&quot;fadeInLeft&quot;,&quot;animation_delay&quot;:300}\">\n\t\t\t<div class=\"elementor-column-wrap elementor-element-populated\">\n\t\t\t\t\t\t\t<div class=\"elementor-widget-wrap\">\n\t\t\t\t\t\t<div class=\"elementor-element elementor-element-b3d2241 elementor-widget elementor-widget-text-editor\" data-id=\"b3d2241\" data-element_type=\"widget\" data-widget_type=\"text-editor.default\">\n\t\t\t\t<div class=\"elementor-widget-container\">\n\t\t\t\t\t\t\t\t<div class=\"elementor-text-editor elementor-clearfix\">\n\t\t\t\t<p>Insan kayna\u011f\u0131n\u0131 geli\u015ftirmenin kurumsal geli\u015fimimizin en \u00f6nemli par\u00e7as\u0131 olaca\u011f\u0131n\u0131n bilinciyle, mevcut kaynaklar\u0131m\u0131z\u0131 geli\u015ftirmek, motivasyon ve ba\u011fl\u0131l\u0131klar\u0131n\u0131 tesis etmek ve i\u015fe uygun, e\u011fitimli personellerle desteklemek i\u00e7in \u00e7al\u0131\u015f\u0131yoruz. Her sorumluluk alan\u0131m\u0131zda e\u011fitimli, de\u011fi\u015fime ve geli\u015fime a\u00e7\u0131k, kurum k\u00fclt\u00fcr\u00fcm\u00fcze adapte olacak personel istihdami hedefimize katk\u0131lar\u0131n\u0131z\u0131 memnuniyetle kar\u015f\u0131l\u0131yoruz.<\/p>\t\t\t\t\t<\/div>\n\t\t\t\t\t\t<\/div>\n\t\t\t\t<\/div>\n\t\t\t\t\t\t<\/div>\n\t\t\t\t\t<\/div>\n\t\t<\/div>\n\t\t\t\t\t\t\t\t<\/div>\n\t\t\t\t\t<\/div>\n\t\t<\/section>\n\t\t\t\t<section class=\"elementor-section elementor-top-section elementor-element elementor-element-a6b7514 elementor-section-boxed elementor-section-height-default elementor-section-height-default elementor-invisible\" data-id=\"a6b7514\" data-element_type=\"section\" data-settings=\"{&quot;jet_parallax_layout_list&quot;:[{&quot;jet_parallax_layout_image&quot;:{&quot;url&quot;:&quot;&quot;,&quot;id&quot;:&quot;&quot;,&quot;size&quot;:&quot;&quot;},&quot;_id&quot;:&quot;11f59c9&quot;,&quot;jet_parallax_layout_image_tablet&quot;:{&quot;url&quot;:&quot;&quot;,&quot;id&quot;:&quot;&quot;,&quot;size&quot;:&quot;&quot;},&quot;jet_parallax_layout_image_mobile&quot;:{&quot;url&quot;:&quot;&quot;,&quot;id&quot;:&quot;&quot;,&quot;size&quot;:&quot;&quot;},&quot;jet_parallax_layout_speed&quot;:{&quot;unit&quot;:&quot;%&quot;,&quot;size&quot;:50,&quot;sizes&quot;:[]},&quot;jet_parallax_layout_type&quot;:&quot;scroll&quot;,&quot;jet_parallax_layout_direction&quot;:null,&quot;jet_parallax_layout_fx_direction&quot;:null,&quot;jet_parallax_layout_z_index&quot;:&quot;&quot;,&quot;jet_parallax_layout_bg_x&quot;:50,&quot;jet_parallax_layout_bg_x_tablet&quot;:&quot;&quot;,&quot;jet_parallax_layout_bg_x_mobile&quot;:&quot;&quot;,&quot;jet_parallax_layout_bg_y&quot;:50,&quot;jet_parallax_layout_bg_y_tablet&quot;:&quot;&quot;,&quot;jet_parallax_layout_bg_y_mobile&quot;:&quot;&quot;,&quot;jet_parallax_layout_bg_size&quot;:&quot;auto&quot;,&quot;jet_parallax_layout_bg_size_tablet&quot;:&quot;&quot;,&quot;jet_parallax_layout_bg_size_mobile&quot;:&quot;&quot;,&quot;jet_parallax_layout_animation_prop&quot;:&quot;transform&quot;,&quot;jet_parallax_layout_on&quot;:[&quot;desktop&quot;,&quot;tablet&quot;]}],&quot;animation&quot;:&quot;fadeInUp&quot;,&quot;animation_delay&quot;:500}\">\n\t\t\t\t\t\t<div class=\"elementor-container elementor-column-gap-default\">\n\t\t\t\t\t\t\t<div class=\"elementor-row\">\n\t\t\t\t\t<div class=\"elementor-column elementor-col-100 elementor-top-column elementor-element elementor-element-37b62f9\" data-id=\"37b62f9\" data-element_type=\"column\" data-settings=\"{&quot;background_background&quot;:&quot;classic&quot;}\">\n\t\t\t<div class=\"elementor-column-wrap\">\n\t\t\t\t\t\t\t<div class=\"elementor-widget-wrap\">\n\t\t\t\t\t\t\t\t<\/div>\n\t\t\t\t\t<\/div>\n\t\t<\/div>\n\t\t\t\t\t\t\t\t<\/div>\n\t\t\t\t\t<\/div>\n\t\t<\/section>\n\t\t\t\t\t\t\t\t\t<\/div>\n\t\t\t<\/div>\n\t\t\t\t\t<\/div>\n\t\t","protected":false},"excerpt":{"rendered":"<p>Improving our human resources is the most essential part of our corporate improvement and with the awareness of that we are working to improve our current resources, to establish their motivation and commitment and to reinforce them with well educated, qualified new employees. We welcome your contribution to our target of recruiting the well educated, open minded and eager to improve candidates via your valuable applications.<\/p>","protected":false},"author":1,"featured_media":0,"parent":0,"menu_order":1,"comment_status":"closed","ping_status":"closed","template":"","meta":[],"yoast_head":"<!-- This site is optimized with the Yoast SEO plugin v19.13 - https:\/\/yoast.com\/wordpress\/plugins\/seo\/ -->\n<title>\u0130K | Y\u0131ld\u0131z Yay<\/title>\n<meta name=\"robots\" content=\"index, follow, max-snippet:-1, max-image-preview:large, max-video-preview:-1\" \/>\n<link rel=\"canonical\" href=\"https:\/\/yildizyay.net\/en\/ik\/\" \/>\n<meta property=\"og:locale\" content=\"en_GB\" \/>\n<meta property=\"og:type\" content=\"article\" \/>\n<meta property=\"og:title\" content=\"\u0130K | Y\u0131ld\u0131z Yay\" \/>\n<meta property=\"og:description\" content=\"Insan kayna\u011f\u0131n\u0131 geli\u015ftirmenin kurumsal geli\u015fimimizin en \u00f6nemli par\u00e7as\u0131 olaca\u011f\u0131n\u0131n bilinciyle, mevcut kaynaklar\u0131m\u0131z\u0131 geli\u015ftirmek, motivasyon ve ba\u011fl\u0131l\u0131klar\u0131n\u0131 tesis etmek ve i\u015fe uygun, e\u011fitimli personellerle desteklemek i\u00e7in \u00e7al\u0131\u015f\u0131yoruz. Her sorumluluk alan\u0131m\u0131zda e\u011fitimli, de\u011fi\u015fime ve geli\u015fime a\u00e7\u0131k, kurum k\u00fclt\u00fcr\u00fcm\u00fcze adapte olacak personel istihdami hedefimize katk\u0131lar\u0131n\u0131z\u0131 memnuniyetle kar\u015f\u0131l\u0131yoruz.\" \/>\n<meta property=\"og:url\" content=\"https:\/\/yildizyay.net\/en\/ik\/\" \/>\n<meta property=\"og:site_name\" content=\"Y\u0131ld\u0131z Yay\" \/>\n<meta property=\"article:modified_time\" content=\"2020-12-24T15:02:16+00:00\" \/>\n<meta name=\"twitter:card\" content=\"summary_large_image\" \/>\n<script type=\"application\/ld+json\" class=\"yoast-schema-graph\">{\"@context\":\"https:\/\/schema.org\",\"@graph\":[{\"@type\":\"WebPage\",\"@id\":\"https:\/\/yildizyay.net\/ik\/\",\"url\":\"https:\/\/yildizyay.net\/ik\/\",\"name\":\"\u0130K | Y\u0131ld\u0131z Yay\",\"isPartOf\":{\"@id\":\"http:\/\/yildizyay.net\/en\/#website\"},\"datePublished\":\"2020-12-21T12:01:17+00:00\",\"dateModified\":\"2020-12-24T15:02:16+00:00\",\"breadcrumb\":{\"@id\":\"https:\/\/yildizyay.net\/ik\/#breadcrumb\"},\"inLanguage\":\"en-GB\",\"potentialAction\":[{\"@type\":\"ReadAction\",\"target\":[\"https:\/\/yildizyay.net\/ik\/\"]}]},{\"@type\":\"BreadcrumbList\",\"@id\":\"https:\/\/yildizyay.net\/ik\/#breadcrumb\",\"itemListElement\":[{\"@type\":\"ListItem\",\"position\":1,\"name\":\"Home\",\"item\":\"http:\/\/yildizyay.net\/en\/\"},{\"@type\":\"ListItem\",\"position\":2,\"name\":\"\u0130K\"}]},{\"@type\":\"WebSite\",\"@id\":\"http:\/\/yildizyay.net\/en\/#website\",\"url\":\"http:\/\/yildizyay.net\/en\/\",\"name\":\"Y\u0131ld\u0131z Yay\",\"description\":\"Otomativ Makine Metal Sanayi\",\"publisher\":{\"@id\":\"http:\/\/yildizyay.net\/en\/#organization\"},\"potentialAction\":[{\"@type\":\"SearchAction\",\"target\":{\"@type\":\"EntryPoint\",\"urlTemplate\":\"http:\/\/yildizyay.net\/en\/?s={search_term_string}\"},\"query-input\":\"required name=search_term_string\"}],\"inLanguage\":\"en-GB\"},{\"@type\":\"Organization\",\"@id\":\"http:\/\/yildizyay.net\/en\/#organization\",\"name\":\"Y\u0131ld\u0131z Yay\",\"url\":\"http:\/\/yildizyay.net\/en\/\",\"logo\":{\"@type\":\"ImageObject\",\"inLanguage\":\"en-GB\",\"@id\":\"http:\/\/yildizyay.net\/en\/#\/schema\/logo\/image\/\",\"url\":\"http:\/\/yildizyay.net\/wp-content\/uploads\/logo.svg\",\"contentUrl\":\"http:\/\/yildizyay.net\/wp-content\/uploads\/logo.svg\",\"caption\":\"Y\u0131ld\u0131z Yay\"},\"image\":{\"@id\":\"http:\/\/yildizyay.net\/en\/#\/schema\/logo\/image\/\"}}]}<\/script>\n<!-- \/ Yoast SEO plugin. -->","yoast_head_json":{"title":"\u0130K | Y\u0131ld\u0131z Yay","robots":{"index":"index","follow":"follow","max-snippet":"max-snippet:-1","max-image-preview":"max-image-preview:large","max-video-preview":"max-video-preview:-1"},"canonical":"https:\/\/yildizyay.net\/en\/ik\/","og_locale":"en_GB","og_type":"article","og_title":"\u0130K | Y\u0131ld\u0131z Yay","og_description":"Insan kayna\u011f\u0131n\u0131 geli\u015ftirmenin kurumsal geli\u015fimimizin en \u00f6nemli par\u00e7as\u0131 olaca\u011f\u0131n\u0131n bilinciyle, mevcut kaynaklar\u0131m\u0131z\u0131 geli\u015ftirmek, motivasyon ve ba\u011fl\u0131l\u0131klar\u0131n\u0131 tesis etmek ve i\u015fe uygun, e\u011fitimli personellerle desteklemek i\u00e7in \u00e7al\u0131\u015f\u0131yoruz. Her sorumluluk alan\u0131m\u0131zda e\u011fitimli, de\u011fi\u015fime ve geli\u015fime a\u00e7\u0131k, kurum k\u00fclt\u00fcr\u00fcm\u00fcze adapte olacak personel istihdami hedefimize katk\u0131lar\u0131n\u0131z\u0131 memnuniyetle kar\u015f\u0131l\u0131yoruz.","og_url":"https:\/\/yildizyay.net\/en\/ik\/","og_site_name":"Y\u0131ld\u0131z Yay","article_modified_time":"2020-12-24T15:02:16+00:00","twitter_card":"summary_large_image","schema":{"@context":"https:\/\/schema.org","@graph":[{"@type":"WebPage","@id":"https:\/\/yildizyay.net\/ik\/","url":"https:\/\/yildizyay.net\/ik\/","name":"\u0130K | Y\u0131ld\u0131z Yay","isPartOf":{"@id":"http:\/\/yildizyay.net\/en\/#website"},"datePublished":"2020-12-21T12:01:17+00:00","dateModified":"2020-12-24T15:02:16+00:00","breadcrumb":{"@id":"https:\/\/yildizyay.net\/ik\/#breadcrumb"},"inLanguage":"en-GB","potentialAction":[{"@type":"ReadAction","target":["https:\/\/yildizyay.net\/ik\/"]}]},{"@type":"BreadcrumbList","@id":"https:\/\/yildizyay.net\/ik\/#breadcrumb","itemListElement":[{"@type":"ListItem","position":1,"name":"Home","item":"http:\/\/yildizyay.net\/en\/"},{"@type":"ListItem","position":2,"name":"\u0130K"}]},{"@type":"WebSite","@id":"http:\/\/yildizyay.net\/en\/#website","url":"http:\/\/yildizyay.net\/en\/","name":"Y\u0131ld\u0131z Yay","description":"Otomativ Makine Metal Sanayi","publisher":{"@id":"http:\/\/yildizyay.net\/en\/#organization"},"potentialAction":[{"@type":"SearchAction","target":{"@type":"EntryPoint","urlTemplate":"http:\/\/yildizyay.net\/en\/?s={search_term_string}"},"query-input":"required name=search_term_string"}],"inLanguage":"en-GB"},{"@type":"Organization","@id":"http:\/\/yildizyay.net\/en\/#organization","name":"Y\u0131ld\u0131z Yay","url":"http:\/\/yildizyay.net\/en\/","logo":{"@type":"ImageObject","inLanguage":"en-GB","@id":"http:\/\/yildizyay.net\/en\/#\/schema\/logo\/image\/","url":"http:\/\/yildizyay.net\/wp-content\/uploads\/logo.svg","contentUrl":"http:\/\/yildizyay.net\/wp-content\/uploads\/logo.svg","caption":"Y\u0131ld\u0131z Yay"},"image":{"@id":"http:\/\/yildizyay.net\/en\/#\/schema\/logo\/image\/"}}]}},"_links":{"self":[{"href":"http:\/\/yildizyay.net\/en\/wp-json\/wp\/v2\/pages\/1033"}],"collection":[{"href":"http:\/\/yildizyay.net\/en\/wp-json\/wp\/v2\/pages"}],"about":[{"href":"http:\/\/yildizyay.net\/en\/wp-json\/wp\/v2\/types\/page"}],"author":[{"embeddable":true,"href":"http:\/\/yildizyay.net\/en\/wp-json\/wp\/v2\/users\/1"}],"replies":[{"embeddable":true,"href":"http:\/\/yildizyay.net\/en\/wp-json\/wp\/v2\/comments?post=1033"}],"version-history":[{"count":22,"href":"http:\/\/yildizyay.net\/en\/wp-json\/wp\/v2\/pages\/1033\/revisions"}],"predecessor-version":[{"id":1291,"href":"http:\/\/yildizyay.net\/en\/wp-json\/wp\/v2\/pages\/1033\/revisions\/1291"}],"wp:attachment":[{"href":"http:\/\/yildizyay.net\/en\/wp-json\/wp\/v2\/media?parent=1033"}],"curies":[{"name":"wp","href":"https:\/\/api.w.org\/{rel}","templated":true}]}}